{"id":142,"date":"2017-03-26T17:49:17","date_gmt":"2017-03-26T15:49:17","guid":{"rendered":"http:\/\/bs.bootsservice-fette.de\/?page_id=142"},"modified":"2023-11-23T12:12:50","modified_gmt":"2023-11-23T11:12:50","slug":"service","status":"publish","type":"page","link":"https:\/\/www.bootsservice-fette.de\/index.php\/service\/","title":{"rendered":"Service"},"content":{"rendered":"<div class=\"wpb-content-wrapper\"><p>[vc_row][vc_column width=&#8221;1\/4&#8243;]<div class=\"fl_custom_text__block fl-custom-text-69e0f71c76661-3962\" ><h4>Innenbordmotore<\/h4>\n<ul>\n<li>Volvo-Penta<\/li>\n<li>Mercruiser<\/li>\n<li>OMC-Stern-Drive<\/li>\n<li>Yamaha-Inboards<\/li>\n<li>Yanmar-Diesel<\/li>\n<\/ul>\n<\/div>[\/vc_column][vc_column width=&#8221;1\/4&#8243;]<div class=\"fl_custom_text__block fl-custom-text-69e0f71c7673b-4845\" ><h4>Aussenbordmotore<\/h4>\n<ul>\n<li>Yamaha<\/li>\n<li>Mercury<\/li>\n<li>Suzuki<\/li>\n<li>Johnson<\/li>\n<li>Evinrude<\/li>\n<li>Tohatsu<\/li>\n<li>Mariner<\/li>\n<li>Minnkota<\/li>\n<\/ul>\n<\/div>[\/vc_column][vc_column width=&#8221;1\/4&#8243;]<div class=\"fl_custom_text__block fl-custom-text-69e0f71c767d3-400\" ><h4>Schlauchboote von<\/h4>\n<ul>\n<li>Zodiac<\/li>\n<li>Bombard<\/li>\n<li>Jumbo<\/li>\n<li>Yam<\/li>\n<li>Quicksilver<\/li>\n<li>Suzumar<\/li>\n<\/ul>\n<\/div>[\/vc_column][vc_column width=&#8221;1\/4&#8243;]<div class=\"fl_custom_text__block fl-custom-text-69e0f71c76867-2771\" ><h4>Instandsetzung und Wartung von<\/h4>\n<ul>\n<li>Z-Antrieben<\/li>\n<li>Wellenanlagen<\/li>\n<li>Wendegetrieben<\/li>\n<li>Jet-Boote<\/li>\n<li>Schiffs-Elektronik<\/li>\n<li>Gasanlagen<\/li>\n<li>Trailer<\/li>\n<li>Generatoren<\/li>\n<li>usw&#8230;<\/li>\n<\/ul>\n<\/div>[\/vc_column][\/vc_row][vc_row][vc_column width=&#8221;1\/4&#8243; el_class=&#8221;shadow&#8221;][boxservices title=&#8221;Ersatzteile&#8221; icon=&#8221;fa-cogs&#8221; button_text=&#8221;weiter&#8221; link=&#8221;\/index.php\/ersatzteile\/&#8221;]Wir liefern Ersatzteile f\u00fcr alle f\u00fchrenden Bootsmotoren sowie Zubeh\u00f6rartikel.[\/boxservices][\/vc_column][vc_column width=&#8221;1\/4&#8243;][boxservices title=&#8221;Reparatur&#8221; icon=&#8221;fa-wrench&#8221; button_text=&#8221;weiter&#8221; link=&#8221;\/index.php\/reparatur\/&#8221;]Wartung, Einwinterung sowie Inbetriebnahme im Fr\u00fchjahr.[\/boxservices][\/vc_column][vc_column width=&#8221;1\/4&#8243;][boxservices title=&#8221;Inspektion&#8221; icon=&#8221;fa-search&#8221; button_text=&#8221;weiter&#8221; link=&#8221;\/index.php\/inspektion\/&#8221;]Wir warten und reparieren alle herk\u00f6mmlichen Bootsmotoren.[\/boxservices][\/vc_column][vc_column width=&#8221;1\/4&#8243;][boxservices title=&#8221;Winterlager &#8211; Service&#8221; icon=&#8221;fa-anchor&#8221; button_text=&#8221;weiter&#8221; link=&#8221;\/index.php\/winterlager-service\/&#8221;]Winterlagerplatz in der Halle oder auf dem Freigel\u00e4nde.[\/boxservices][\/vc_column][\/vc_row][vc_row][vc_column][contactbox title=&#8221;Verschenken Sie etwas ganz Besonderes!&#8221; text=&#8221;Geschenkgutschein&#8221; image=&#8221;348&#8243;]Immer wieder die gro\u00dfe Frage: was soll ich schenken?<br \/>\nWer kennt das nicht.<br \/>\nMit einem Gutschein sind Sie immer auf der sicheren Seite. Warum nicht auch mal eine Monteurstunde verschenken?<\/p>\n<p>Sie nennen uns den Wert, \u00fcberweisen den Betrag und wir schicken Ihnen den Gutschein nach Bezahlung direkt ins Haus. Dabei entstehen Ihnen zus\u00e4tzliche Versandkosten in H\u00f6he von 2,00 \u20ac.<\/p>\n<p>Oder Sie holen Ihren Geschenkgutschein, versandkostenfrei\u00a0bei uns vor Ort ab. (Am Wasserwerk 10, 32547 Bad Oeynhausen)<\/p>\n<p>*hierbei handelt es sich um eine Anfrage. Sie bekommen von uns auf Ihre Kontaktaufnahme eine Best\u00e4tigung und Instruktionen f\u00fcr das weitere Vorgehen. Erst danach entsteht ein verbindlicher Kauf. Ihre Daten werden ausschlie\u00dflich f\u00fcr den Erwerb des Geschenkgutscheines verarbeitet und nicht weiter gegeben.<\/p>\n<div class=\"wpcf7 no-js\" id=\"wpcf7-f304-o1\" lang=\"de-DE\" dir=\"ltr\" data-wpcf7-id=\"304\">\n<div class=\"screen-reader-response\"><p role=\"status\" aria-live=\"polite\" aria-atomic=\"true\"><\/p> <ul><\/ul><\/div>\n<form action=\"\/index.php\/wp-json\/wp\/v2\/pages\/142#wpcf7-f304-o1\" method=\"post\" class=\"wpcf7-form init\" aria-label=\"Kontaktformular\" novalidate=\"novalidate\" data-status=\"init\">\n<fieldset class=\"hidden-fields-container\"><input type=\"hidden\" name=\"_wpcf7\" value=\"304\" \/><input type=\"hidden\" name=\"_wpcf7_version\" value=\"6.1\" \/><input type=\"hidden\" name=\"_wpcf7_locale\" value=\"de_DE\" \/><input type=\"hidden\" name=\"_wpcf7_unit_tag\" value=\"wpcf7-f304-o1\" \/><input type=\"hidden\" name=\"_wpcf7_container_post\" value=\"0\" \/><input type=\"hidden\" name=\"_wpcf7_posted_data_hash\" value=\"\" \/>\n<\/fieldset>\n<div class=\"col-md-12\">\n\t<div class=\"row\">\n\t\t<div class=\"col-md-4\">\n\t\t\t<div class=\"form-group\">\n\t\t\t\t<p><span class=\"wpcf7-form-control-wrap\"><br \/>\n<span class=\"wpcf7-form-control-wrap\" data-name=\"ihr-name\"><input size=\"40\" maxlength=\"400\" class=\"wpcf7-form-control wpcf7-text\" aria-invalid=\"false\" placeholder=\"IHR NAME\" value=\"\" type=\"text\" name=\"ihr-name\" \/><\/span><br \/>\n<\/span>\n\t\t\t\t<\/p>\n\t\t\t<\/div>\n\t\t<\/div>\n\t\t<div class=\"col-md-4\">\n\t\t\t<div class=\"form-group\">\n\t\t\t\t<p><span class=\"wpcf7-form-control-wrap your-name\"><br \/>\n<span class=\"wpcf7-form-control-wrap\" data-name=\"ihre-email\"><input size=\"40\" maxlength=\"400\" class=\"wpcf7-form-control wpcf7-email wpcf7-validates-as-required wpcf7-text wpcf7-validates-as-email\" aria-required=\"true\" aria-invalid=\"false\" placeholder=\"IHRE E-MAIL*\" value=\"\" type=\"email\" name=\"ihre-email\" \/><\/span><br \/>\n<\/span>\n\t\t\t\t<\/p>\n\t\t\t<\/div>\n\t\t<\/div>\n\t\t<div class=\"col-md-4\">\n\t\t\t<div class=\"form-group\">\n\t\t\t\t<p><span class=\"wpcf7-form-control-wrap your-name\"><br \/>\n<span class=\"wpcf7-form-control-wrap\" data-name=\"wert\"><input size=\"40\" maxlength=\"400\" class=\"wpcf7-form-control wpcf7-text\" aria-invalid=\"false\" placeholder=\"WERT\" value=\"\" type=\"text\" name=\"wert\" \/><\/span><br \/>\n<\/span>\n\t\t\t\t<\/p>\n\t\t\t<\/div>\n\t\t<\/div>\n\t<\/div>\n<\/div>\n<div class=\"col-md-12\">\n\t<div class=\"form-group form-group-text\">\n\t\t<p><span class=\"wpcf7-form-control-wrap your-message\"><br \/>\n<span class=\"wpcf7-form-control-wrap\" data-name=\"ihre-nachricht\"><textarea cols=\"40\" rows=\"10\" maxlength=\"2000\" class=\"wpcf7-form-control wpcf7-textarea\" aria-invalid=\"false\" placeholder=\"NACHRICHT\" name=\"ihre-nachricht\"><\/textarea><\/span><br \/>\n<\/span>\n\t\t<\/p>\n\t<\/div>\n<\/div>\n<p><span class=\"wpcf7-form-control-wrap\" data-name=\"Datenschutz\"><span class=\"wpcf7-form-control wpcf7-acceptance\"><span class=\"wpcf7-list-item\"><input type=\"checkbox\" name=\"Datenschutz\" value=\"1\" aria-invalid=\"false\" \/><\/span><\/span><\/span>*Ich habe die <a target=\"blank\" href=\"\/index.php\/datenschutz\">Datenschutzerkl\u00e4rung<\/a> gelesen und bin damit einverstanden\n<\/p>\n<p class=\"text-right\"><input class=\"wpcf7-form-control wpcf7-submit has-spinner\" type=\"submit\" value=\"senden\" \/>\n<\/p>\n<p>*Pflichtfeld\n<\/p><div class=\"wpcf7-response-output\" aria-hidden=\"true\"><\/div>\n<\/form>\n<\/div>\n[\/contactbox][\/vc_column][\/vc_row]<\/p>\n<\/div>","protected":false},"excerpt":{"rendered":"<p>[vc_row][vc_column width=&#8221;1\/4&#8243;][\/vc_column][vc_column width=&#8221;1\/4&#8243;][\/vc_column][vc_column width=&#8221;1\/4&#8243;][\/vc_column][vc_column width=&#8221;1\/4&#8243;][\/vc_column][\/vc_row][vc_row][vc_column width=&#8221;1\/4&#8243; el_class=&#8221;shadow&#8221;][boxservices title=&#8221;Ersatzteile&#8221; icon=&#8221;fa-cogs&#8221; button_text=&#8221;weiter&#8221; link=&#8221;\/index.php\/ersatzteile\/&#8221;]Wir liefern Ersatzteile f\u00fcr alle f\u00fchrenden Bootsmotoren sowie Zubeh\u00f6rartikel.[\/boxservices][\/vc_column][vc_column width=&#8221;1\/4&#8243;][boxservices title=&#8221;Reparatur&#8221; icon=&#8221;fa-wrench&#8221; button_text=&#8221;weiter&#8221; link=&#8221;\/index.php\/reparatur\/&#8221;]Wartung, Einwinterung sowie Inbetriebnahme im Fr\u00fchjahr.[\/boxservices][\/vc_column][vc_column width=&#8221;1\/4&#8243;][boxservices title=&#8221;Inspektion&#8221; icon=&#8221;fa-search&#8221; button_text=&#8221;weiter&#8221; link=&#8221;\/index.php\/inspektion\/&#8221;]Wir warten und reparieren alle herk\u00f6mmlichen Bootsmotoren.[\/boxservices][\/vc_column][vc_column width=&#8221;1\/4&#8243;][boxservices title=&#8221;Winterlager &#8211; Service&#8221; icon=&#8221;fa-anchor&#8221; button_text=&#8221;weiter&#8221; link=&#8221;\/index.php\/winterlager-service\/&#8221;]Winterlagerplatz in der Halle oder auf dem Freigel\u00e4nde.[\/boxservices][\/vc_column][\/vc_row][vc_row][vc_column][contactbox title=&#8221;Verschenken [&hellip;]<\/p>\n","protected":false},"author":2,"featured_media":0,"parent":0,"menu_order":0,"comment_status":"closed","ping_status":"closed","template":"","meta":{"_acf_changed":false,"footnotes":""},"class_list":["post-142","page","type-page","status-publish","hentry"],"acf":[],"yoast_head":"<!-- This site is optimized with the Yoast SEO plugin v25.3.1 - https:\/\/yoast.com\/wordpress\/plugins\/seo\/ -->\n<title>Service - Bootsservice Center Fette<\/title>\n<meta name=\"robots\" content=\"index, follow, max-snippet:-1, max-image-preview:large, max-video-preview:-1\" \/>\n<link rel=\"canonical\" href=\"https:\/\/www.bootsservice-fette.de\/index.php\/service\/\" \/>\n<meta property=\"og:locale\" content=\"de_DE\" \/>\n<meta property=\"og:type\" content=\"article\" \/>\n<meta property=\"og:title\" content=\"Service - Bootsservice Center Fette\" \/>\n<meta property=\"og:description\" content=\"[vc_row][vc_column width=&#8221;1\/4&#8243;][\/vc_column][vc_column width=&#8221;1\/4&#8243;][\/vc_column][vc_column width=&#8221;1\/4&#8243;][\/vc_column][vc_column width=&#8221;1\/4&#8243;][\/vc_column][\/vc_row][vc_row][vc_column width=&#8221;1\/4&#8243; el_class=&#8221;shadow&#8221;][boxservices title=&#8221;Ersatzteile&#8221; icon=&#8221;fa-cogs&#8221; button_text=&#8221;weiter&#8221; link=&#8221;\/index.php\/ersatzteile\/&#8221;]Wir liefern Ersatzteile f\u00fcr alle f\u00fchrenden Bootsmotoren sowie Zubeh\u00f6rartikel.[\/boxservices][\/vc_column][vc_column width=&#8221;1\/4&#8243;][boxservices title=&#8221;Reparatur&#8221; icon=&#8221;fa-wrench&#8221; button_text=&#8221;weiter&#8221; link=&#8221;\/index.php\/reparatur\/&#8221;]Wartung, Einwinterung sowie Inbetriebnahme im Fr\u00fchjahr.[\/boxservices][\/vc_column][vc_column width=&#8221;1\/4&#8243;][boxservices title=&#8221;Inspektion&#8221; icon=&#8221;fa-search&#8221; button_text=&#8221;weiter&#8221; link=&#8221;\/index.php\/inspektion\/&#8221;]Wir warten und reparieren alle herk\u00f6mmlichen Bootsmotoren.[\/boxservices][\/vc_column][vc_column width=&#8221;1\/4&#8243;][boxservices title=&#8221;Winterlager &#8211; Service&#8221; icon=&#8221;fa-anchor&#8221; button_text=&#8221;weiter&#8221; link=&#8221;\/index.php\/winterlager-service\/&#8221;]Winterlagerplatz in der Halle oder auf dem Freigel\u00e4nde.[\/boxservices][\/vc_column][\/vc_row][vc_row][vc_column][contactbox title=&#8221;Verschenken [&hellip;]\" \/>\n<meta property=\"og:url\" content=\"https:\/\/www.bootsservice-fette.de\/index.php\/service\/\" \/>\n<meta property=\"og:site_name\" content=\"Bootsservice Center Fette\" \/>\n<meta property=\"article:modified_time\" content=\"2023-11-23T11:12:50+00:00\" \/>\n<meta name=\"twitter:card\" content=\"summary_large_image\" \/>\n<meta name=\"twitter:label1\" content=\"Gesch\u00e4tzte Lesezeit\" \/>\n\t<meta name=\"twitter:data1\" content=\"2\u00a0Minuten\" \/>\n<script type=\"application\/ld+json\" class=\"yoast-schema-graph\">{\"@context\":\"https:\/\/schema.org\",\"@graph\":[{\"@type\":\"WebPage\",\"@id\":\"https:\/\/www.bootsservice-fette.de\/index.php\/service\/\",\"url\":\"https:\/\/www.bootsservice-fette.de\/index.php\/service\/\",\"name\":\"Service - Bootsservice Center Fette\",\"isPartOf\":{\"@id\":\"https:\/\/www.bootsservice-fette.de\/#website\"},\"datePublished\":\"2017-03-26T15:49:17+00:00\",\"dateModified\":\"2023-11-23T11:12:50+00:00\",\"breadcrumb\":{\"@id\":\"https:\/\/www.bootsservice-fette.de\/index.php\/service\/#breadcrumb\"},\"inLanguage\":\"de\",\"potentialAction\":[{\"@type\":\"ReadAction\",\"target\":[\"https:\/\/www.bootsservice-fette.de\/index.php\/service\/\"]}]},{\"@type\":\"BreadcrumbList\",\"@id\":\"https:\/\/www.bootsservice-fette.de\/index.php\/service\/#breadcrumb\",\"itemListElement\":[{\"@type\":\"ListItem\",\"position\":1,\"name\":\"Startseite\",\"item\":\"https:\/\/www.bootsservice-fette.de\/\"},{\"@type\":\"ListItem\",\"position\":2,\"name\":\"Service\"}]},{\"@type\":\"WebSite\",\"@id\":\"https:\/\/www.bootsservice-fette.de\/#website\",\"url\":\"https:\/\/www.bootsservice-fette.de\/\",\"name\":\"Bootsservice Center Fette\",\"description\":\"\",\"potentialAction\":[{\"@type\":\"SearchAction\",\"target\":{\"@type\":\"EntryPoint\",\"urlTemplate\":\"https:\/\/www.bootsservice-fette.de\/?s={search_term_string}\"},\"query-input\":{\"@type\":\"PropertyValueSpecification\",\"valueRequired\":true,\"valueName\":\"search_term_string\"}}],\"inLanguage\":\"de\"}]}<\/script>\n<!-- \/ Yoast SEO plugin. -->","yoast_head_json":{"title":"Service - Bootsservice Center Fette","robots":{"index":"index","follow":"follow","max-snippet":"max-snippet:-1","max-image-preview":"max-image-preview:large","max-video-preview":"max-video-preview:-1"},"canonical":"https:\/\/www.bootsservice-fette.de\/index.php\/service\/","og_locale":"de_DE","og_type":"article","og_title":"Service - Bootsservice Center Fette","og_description":"[vc_row][vc_column width=&#8221;1\/4&#8243;][\/vc_column][vc_column width=&#8221;1\/4&#8243;][\/vc_column][vc_column width=&#8221;1\/4&#8243;][\/vc_column][vc_column width=&#8221;1\/4&#8243;][\/vc_column][\/vc_row][vc_row][vc_column width=&#8221;1\/4&#8243; el_class=&#8221;shadow&#8221;][boxservices title=&#8221;Ersatzteile&#8221; icon=&#8221;fa-cogs&#8221; button_text=&#8221;weiter&#8221; link=&#8221;\/index.php\/ersatzteile\/&#8221;]Wir liefern Ersatzteile f\u00fcr alle f\u00fchrenden Bootsmotoren sowie Zubeh\u00f6rartikel.[\/boxservices][\/vc_column][vc_column width=&#8221;1\/4&#8243;][boxservices title=&#8221;Reparatur&#8221; icon=&#8221;fa-wrench&#8221; button_text=&#8221;weiter&#8221; link=&#8221;\/index.php\/reparatur\/&#8221;]Wartung, Einwinterung sowie Inbetriebnahme im Fr\u00fchjahr.[\/boxservices][\/vc_column][vc_column width=&#8221;1\/4&#8243;][boxservices title=&#8221;Inspektion&#8221; icon=&#8221;fa-search&#8221; button_text=&#8221;weiter&#8221; link=&#8221;\/index.php\/inspektion\/&#8221;]Wir warten und reparieren alle herk\u00f6mmlichen Bootsmotoren.[\/boxservices][\/vc_column][vc_column width=&#8221;1\/4&#8243;][boxservices title=&#8221;Winterlager &#8211; Service&#8221; icon=&#8221;fa-anchor&#8221; button_text=&#8221;weiter&#8221; link=&#8221;\/index.php\/winterlager-service\/&#8221;]Winterlagerplatz in der Halle oder auf dem Freigel\u00e4nde.[\/boxservices][\/vc_column][\/vc_row][vc_row][vc_column][contactbox title=&#8221;Verschenken [&hellip;]","og_url":"https:\/\/www.bootsservice-fette.de\/index.php\/service\/","og_site_name":"Bootsservice Center Fette","article_modified_time":"2023-11-23T11:12:50+00:00","twitter_card":"summary_large_image","twitter_misc":{"Gesch\u00e4tzte Lesezeit":"2\u00a0Minuten"},"schema":{"@context":"https:\/\/schema.org","@graph":[{"@type":"WebPage","@id":"https:\/\/www.bootsservice-fette.de\/index.php\/service\/","url":"https:\/\/www.bootsservice-fette.de\/index.php\/service\/","name":"Service - Bootsservice Center Fette","isPartOf":{"@id":"https:\/\/www.bootsservice-fette.de\/#website"},"datePublished":"2017-03-26T15:49:17+00:00","dateModified":"2023-11-23T11:12:50+00:00","breadcrumb":{"@id":"https:\/\/www.bootsservice-fette.de\/index.php\/service\/#breadcrumb"},"inLanguage":"de","potentialAction":[{"@type":"ReadAction","target":["https:\/\/www.bootsservice-fette.de\/index.php\/service\/"]}]},{"@type":"BreadcrumbList","@id":"https:\/\/www.bootsservice-fette.de\/index.php\/service\/#breadcrumb","itemListElement":[{"@type":"ListItem","position":1,"name":"Startseite","item":"https:\/\/www.bootsservice-fette.de\/"},{"@type":"ListItem","position":2,"name":"Service"}]},{"@type":"WebSite","@id":"https:\/\/www.bootsservice-fette.de\/#website","url":"https:\/\/www.bootsservice-fette.de\/","name":"Bootsservice Center Fette","description":"","potentialAction":[{"@type":"SearchAction","target":{"@type":"EntryPoint","urlTemplate":"https:\/\/www.bootsservice-fette.de\/?s={search_term_string}"},"query-input":{"@type":"PropertyValueSpecification","valueRequired":true,"valueName":"search_term_string"}}],"inLanguage":"de"}]}},"_links":{"self":[{"href":"https:\/\/www.bootsservice-fette.de\/index.php\/wp-json\/wp\/v2\/pages\/142","targetHints":{"allow":["GET"]}}],"collection":[{"href":"https:\/\/www.bootsservice-fette.de\/index.php\/wp-json\/wp\/v2\/pages"}],"about":[{"href":"https:\/\/www.bootsservice-fette.de\/index.php\/wp-json\/wp\/v2\/types\/page"}],"author":[{"embeddable":true,"href":"https:\/\/www.bootsservice-fette.de\/index.php\/wp-json\/wp\/v2\/users\/2"}],"replies":[{"embeddable":true,"href":"https:\/\/www.bootsservice-fette.de\/index.php\/wp-json\/wp\/v2\/comments?post=142"}],"version-history":[{"count":58,"href":"https:\/\/www.bootsservice-fette.de\/index.php\/wp-json\/wp\/v2\/pages\/142\/revisions"}],"predecessor-version":[{"id":597,"href":"https:\/\/www.bootsservice-fette.de\/index.php\/wp-json\/wp\/v2\/pages\/142\/revisions\/597"}],"wp:attachment":[{"href":"https:\/\/www.bootsservice-fette.de\/index.php\/wp-json\/wp\/v2\/media?parent=142"}],"curies":[{"name":"wp","href":"https:\/\/api.w.org\/{rel}","templated":true}]}}