{"id":148,"date":"2017-03-26T17:50:14","date_gmt":"2017-03-26T15:50:14","guid":{"rendered":"http:\/\/bs.bootsservice-fette.de\/?page_id=148"},"modified":"2025-06-30T13:37:55","modified_gmt":"2025-06-30T11:37:55","slug":"datenschutz","status":"publish","type":"page","link":"https:\/\/www.bootsservice-fette.de\/index.php\/datenschutz\/","title":{"rendered":"Datenschutz"},"content":{"rendered":"<div class=\"wpb-content-wrapper\"><p>[vc_row][vc_column]<div class=\"fl-vc-custom-title-container without-icon text-center\" ><span class=\"lines-left\"><\/span><h1 class=\"fl-title-vc without-icon fl-custom-title-69f9e3827c981-3476\" >DATENSCHUTZERKL\u00c4RUNG<\/h1><span class=\"lines-right\"><\/span><\/div>[\/vc_column][\/vc_row][vc_row css=&#8221;.vc_custom_1751283441128{padding-bottom: 35px !important;}&#8221;][vc_column]<div class=\"fl_custom_text__block fl-custom-text-69f9e3827ca35-4850\" ><p>BCK-Bootsservice und Ersatzteile GmbH (BCK) garantiert die vertrauliche Behandlung aller gespeicherten pers\u00f6nlichen Daten.<\/p>\n<p>Im Rahmen dieser Datenschutzerkl\u00e4rung m\u00f6chten wir Sie dar\u00fcber informieren, wie wir den Schutz der von Ihnen mitgeteilten Daten gew\u00e4hrleisten: Die personenbezogenen Daten werden bei BCK nur nach den Vorgaben des geltenden Datenschutzrechtes erhoben, verarbeitet und genutzt. Unsere Datenschutzpraxis steht somit im Einklang mit der EU Datenschutzgrundverordnung \u201eDSGVO\u201c und dem deutschen Datenschutz-Anpassungs- und \u2013 Umsetzungsgesetz EU (\u201eBDSG-neu\u201c).<\/p>\n<p>Insgesamt kann BCK versichern, dass ohne Ihre Zustimmung \u00fcber diese Website hinaus keine personenbezogenen Daten erhoben werden. Allein Sie entscheiden dar\u00fcber, in welchem Umfang Sie \u2013 etwa im Rahmen einer Kontaktaufnahme \u2013 diese Daten bekanntgeben wollen oder nicht.<\/p>\n<p><strong>Sammlung, Speicherung und Nutzung von pers\u00f6nlichen Daten<\/strong><br \/>\nPersonenbezogene Daten sind alle Informationen, die sich auf eine identifizierte oder identifizierbare nat\u00fcrliche Person beziehen; als identifizierbar wird eine nat\u00fcrliche Person angesehen, die direkt oder indirekt, insbesondere mittels Zuordnung zu einer Kennung wie einem Namen, zu einer Kennnummer, zu Standortdaten, zu einer Online-Kennung oder zu einem oder mehreren besonderen Merkmalen, die Ausdruck der physischen, physiologischen, genetischen, psychischen, wirtschaftlichen, kulturellen oder sozialen Identit\u00e4t dieser nat\u00fcrlichen Person sind, identifiziert werden kann (Art. 4 Nr. 1 DSGVO).<br \/>\nHierunter fallen beispielsweise Ihr Name, Ihre Telefon-Nummer, die Anrede oder Ihre Anschrift, die Sie uns bei der Kontaktaufnahme mitteilen. Statistische Daten oder anonymisierte Daten, die wir beispielsweise bei dem Besuch unseres Web-Angebotes erheben und die nicht direkt mit Ihrer Person in Verbindung gebracht werden k\u00f6nnen, fallen nicht hierunter.<\/p>\n<p>BCK speichert Ihre pers\u00f6nlichen Daten nur dann, wenn Sie Ihre Daten explizit zur Verf\u00fcgung gestellt und Ihre ausdr\u00fcckliche Einwilligung zur konkreten Verwendung gegeben haben, beispielsweise im Rahmen von Kontaktanfragen. Wir verwenden die von Ihnen mitgeteilten Daten des Weiteren zur Erf\u00fcllung und Abwicklung Ihrer Beauftragung.<\/p>\n<p>BCK garantiert, dass Ihre pers\u00f6nlichen Daten im \u00dcbrigen weder an Dritte verkauft noch vermietet werden. Wir behalten uns allerdings vor, Informationen \u00fcber Sie offenzulegen, wenn wir gesetzlich hierzu verpflichtet sind oder die Herausgabe von rechtm\u00e4\u00dfig handelnden Beh\u00f6rden oder Strafverfolgungsorganen von uns verlangt wird.<\/p>\n<p><strong>Hinweise zur Nutzung von unseren Diensten<\/strong><br \/>\nFreiwillige Angabe von Daten<br \/>\nNeben den oben genannten Daten werden personenbezogene sowie die besonderen Daten (\u00a7 3 Abs. 9 BDSG, z.B. politische Meinungen) nur dann erhoben und gespeichert, wenn Sie uns ausdr\u00fccklich und wissentlich solche Informationen f\u00fcr bestimmte Zwecke, Dienste und Funktionen zur Verf\u00fcgung stellen. Dies betrifft bei:<\/p>\n<p>Anfragen via E-Mail oder Kontaktformular<br \/>\nVor- und Nachname<br \/>\nWohnort<br \/>\nE-Mail-Adresse<br \/>\nText<\/p>\n<p>Anfrage \u00fcber einen Gutschein<br \/>\nVor- und Nachname<br \/>\nWohnort<br \/>\nE-Mail-Adresse<br \/>\nText<br \/>\nGutscheinwert<\/p>\n<p>Die von Ihnen eingegebenen pers\u00f6nlichen Daten verwenden wir nur zu dem von Ihnen gew\u00fcnschten Zweck, Dienst oder Funktion und nur innerhalb des Unternehmens.<\/p>\n<p>Alle E-Mails dieser Website werden nur an die von Ihnen angegebene Adresse geschickt. Die Adresse wird nicht ver\u00f6ffentlicht und wird nur zu dem von Ihnen gew\u00fcnschten Zweck, Dienst oder Funktion verwendet.<\/p>\n<p>Sie k\u00f6nnen durch Mitteilung an\u00a0mail@bootsservice-fette.de oder eigenst\u00e4ndiges Abbestellen bzw. L\u00f6schen von Diensten oder Funktionen im jeweiligen (technischen) Kontext \u2212 mit Wirkung f\u00fcr die Zukunft \u2212 jederzeit Ihre pers\u00f6nlichen Daten widerrufen. Eine \u00dcbermittlung an Dritte zu anderen Zwecken erfolgt nicht.<\/p>\n<p>Wir weisen darauf hin, dass Betreiber von fremden Internetseiten, die von BCK aus verlinkt werden, die Daten von Besuchern dieser Internetseiten erheben und auswerten k\u00f6nnen.<\/p>\n<p><strong>Cookies<\/strong><\/p>\n<p>Wir setzen auf unserer Seite Cookies ein. Hierbei handelt es sich um kleine Dateien, die Ihr Browser automatisch erstellt und die auf Ihrem Endger\u00e4t (Laptop, Tablet, Smartphone o.\u00e4.) gespeichert werden, wenn Sie unsere Seite besuchen. Cookies\u00a0richten auf Ihrem Endger\u00e4t keinen Schaden an, enthalten keine Viren, Trojaner oder sonstige Schadsoftware.<\/p>\n<p>In dem Cookie werden Informationen abgelegt, die sich jeweils im Zusammenhang mit dem spezifisch eingesetzten Endger\u00e4t ergeben. Dies bedeutet jedoch nicht, dass wir dadurch unmittelbar Kenntnis von Ihrer Identit\u00e4t erhalten.<\/p>\n<p>Der Einsatz von Cookies dient einerseits dazu, die Nutzung unseres Angebots f\u00fcr Sie angenehmer zu gestalten. So setzen wir sogenannte Session-Cookies ein, um zu erkennen, dass Sie einzelne Seiten unserer Website bereits besucht haben. Diese werden nach Verlassen unserer Seite automatisch gel\u00f6scht.<\/p>\n<p>Dar\u00fcber hinaus setzen wir ebenfalls zur Optimierung der Benutzerfreundlichkeit tempor\u00e4re Cookies ein, die f\u00fcr einen bestimmten festgelegten Zeitraum auf Ihrem Endger\u00e4t gespeichert werden. Besuchen Sie unsere Seite erneut, um unsere Dienste in Anspruch zu nehmen, wird automatisch erkannt, dass Sie bereits bei uns waren und welche Eingaben und Einstellungen sie get\u00e4tigt haben, um diese nicht noch einmal eingeben zu m\u00fcssen.<\/p>\n<p>Zum anderen setzten wir Cookies ein, um die Nutzung unserer Website statistisch zu erfassen und zum Zwecke der Optimierung unseres Angebotes f\u00fcr Sie auszuwerten. Diese Cookies erm\u00f6glichen es uns, bei einem erneuten Besuch unserer Seite automatisch zu erkennen, dass Sie bereits bei uns waren. Diese Cookies werden nach einer jeweils definierten Zeit automatisch gel\u00f6scht.<\/p>\n<p>Die durch Cookies verarbeiteten Daten sind f\u00fcr die genannten Zwecke zur Wahrung unserer berechtigten Interessen sowie der Dritter nach Art. 6 Abs. 1 S. 1 lit. f DSGVO erforderlich.<\/p>\n<p>Die meisten Browser akzeptieren Cookies automatisch. Sie k\u00f6nnen Ihren Browser jedoch so konfigurieren, dass keine Cookies auf Ihrem Computer gespeichert werden oder stets ein Hinweis erscheint, bevor ein neuer Cookie angelegt wird. Die vollst\u00e4ndige Deaktivierung von Cookies kann jedoch dazu f\u00fchren, dass Sie nicht alle Funktionen unserer Website nutzen k\u00f6nnen.<\/p>\n<p><strong>Google Web Fonts<br \/>\n<\/strong>Diese Seite nutzt zur einheitlichen Darstellung von Schriftarten so genannte Web Fonts, die von Google bereitgestellt werden. Beim Aufruf einer Seite l\u00e4dt Ihr Browser die ben\u00f6tigten Web Fonts in ihren Browsercache, um Texte und Schriftarten korrekt anzuzeigen.<\/p>\n<p>Zu diesem Zweck muss der von Ihnen verwendete Browser Verbindung zu den Servern von Google aufnehmen. Hierdurch erlangt Google Kenntnis dar\u00fcber, dass \u00fcber Ihre IP-Adresse unsere Website aufgerufen wurde. Die Nutzung von Google Web Fonts erfolgt im Interesse einer einheitlichen und ansprechenden Darstellung unserer Online-Angebote. Dies stellt ein berechtigtes Interesse im Sinne von Art. 6 Abs. 1 lit. f DSGVO dar.<\/p>\n<p>Wenn Ihr Browser Web Fonts nicht unterst\u00fctzt, wird eine Standardschrift von Ihrem Computer genutzt.<\/p>\n<p>Weitere Informationen zu Google Web Fonts finden Sie unter <a href=\"https:\/\/developers.google.com\/fonts\/faq\" target=\"_blank\" rel=\"noopener\">https:\/\/developers.google.com\/fonts\/faq<\/a> und in der Datenschutzerkl\u00e4rung von Google: <a href=\"https:\/\/www.google.com\/policies\/privacy\/\" target=\"_blank\" rel=\"noopener\">https:\/\/www.google.com\/policies\/privacy\/<\/a>.<\/p>\n<p><strong>Aufbewahrung von Daten<\/strong><br \/>\nWir speichern personenbezogene Daten so lange, wie es n\u00f6tig ist, um eine Dienstleistung auszuf\u00fchren, die Sie gew\u00fcnscht oder zu der Sie Ihre Einwilligung erteilt haben, sofern keine anderslautenden gesetzlichen Verpflichtungen bestehen wie zum Beispiel bei laufenden Gerichtsverfahren.<\/p>\n<p><strong>Internet-Sicherheit<\/strong><br \/>\nBCK wendet \u00fcber Ihren Browser Standardsicherheitsma\u00dfnahmen an \u2013 die sogenannte SSL-Verschl\u00fcsselung. Verschl\u00fcsselung der Nutzdaten erfolgt mit SSL-sogenannte SSL-Verschl\u00fcsselung. Die Verschl\u00fcsselung der Nutzdaten erfolgt mit SSL-Zertifikaten. Sie erkennen die SSL-gesch\u00fctzten Bereiche am Schloss-Symbol in Ihrem Browser. Gesicherte Verbindungen sind in der Regel durch Ihre Adresse erkennbar, die mit \u201ehttps:\/\/\u201c beginnt. Wenn Sie auf das Schloss-Symbol einen Doppelklick ausf\u00fchren, dann erhalten Sie n\u00e4here Informationen zum Sicherheits-Zertifikat. Ihre pers\u00f6nlichen Daten werden bei uns sicher durch diese Verschl\u00fcsselung \u00fcbertragen. Dies gilt haupts\u00e4chlich f\u00fcr Ihre Kontaktanfrage. Zwar kann niemand einen absoluten Schutz garantieren. Wir sichern unsere Website und sonstige Systeme jedoch durch technische und organisatorische Ma\u00dfnahmen gegen Verlust, Zerst\u00f6rung, Zugriff, Ver\u00e4nderung oder Verbreitung Ihrer Daten durch unbefugte Personen ab.<\/p>\n<p><strong>Datensicherheit<\/strong><br \/>\nBCK hat zum Schutz Ihrer durch uns erhobenen, verarbeiteten und genutzten personenbezogenen Daten umfangreiche technische und organisatorische Sicherheitsma\u00dfnahmen getroffen. Diese werden regelm\u00e4\u00dfig \u00fcberpr\u00fcft und dem technischen Fortschritt angepasst.<\/p>\n<p><strong>Rechte der Kunden<\/strong><br \/>\nNach der DSGVO haben Sie ein Recht auf Auskunft \u00fcber die zu Ihrer Person gespeicherten personenbezogenen Daten sowie ein Recht auf Berichtigung oder L\u00f6schung oder auf Einschr\u00e4nkung der Verarbeitung oder auf Daten\u00fcbertragbarkeit, ohne dass hierf\u00fcr andere als die \u00dcbermittlungskosten nach den Basistarifen entstehen. Bitte beachten Sie auch die Informationen gem\u00e4\u00df Art. 13 DSGVO am Ende dieser Datenschutzbestimmungen.<br \/>\nSelbstverst\u00e4ndlich k\u00f6nnen Sie ebenfalls der Verwendung Ihrer personenbezogenen Daten jederzeit widersprechen oder ggf. erteilte Einwilligungen jederzeit widerrufen. F\u00fcr Auskunft oder Widerruf schreiben Sie an BCK-Bootsservice und Ersatzteile GmbH, Gesch\u00e4ftsf\u00fchrer Hermann Fette, Am Wasserwerk 10, 32547 Bad Oeynhausen oder per E-Mail an: mail@bootsservice-fette.de.<\/p>\n<p><strong>Aktualisierung und \u00c4nderung<\/strong><br \/>\nTeile der Datenschutzerkl\u00e4rung k\u00f6nnen von uns ge\u00e4ndert oder aktualisiert werden, ohne dass Sie vorher von uns benachrichtigt werden. Bitte \u00fcberpr\u00fcfen Sie jeweils die Datenschutzerkl\u00e4rung bevor Sie unsere Angebote nutzen, um bei m\u00f6glichen \u00c4nderungen oder Aktualisierungen auf dem neuesten Stand zu sein.<\/p>\n<p><strong>BDSG und andere Rechtsvorschrift<\/strong><br \/>\n<strong> 1. DSGVO und BDSG-neu<\/strong><br \/>\nDie Verarbeitung der BCK bekanntgegebenen Daten zu Ihrer Person werden durch die DSGVO und das BDSG-neu in den jeweiligen g\u00fcltigen Fassungen geregelt. Danach ist die Datenerhebung, -verarbeitung, -nutzung und -\u00fcbermittlung (nachstehend: Datenverwendung) zul\u00e4ssig, wenn die DSGVO, das BDSG-neu oder eine andere Rechtsvorschrift sie erlaubt oder wenn der Betroffene eingewilligt hat.<\/p>\n<p><strong>2. Aktualisierung dieser Nutzungsbedingungen<\/strong><br \/>\nAufgrund der st\u00e4ndigen technischen und rechtlichen Neuerungen m\u00fcssen wir die nachstehenden Nutzungsbedingungen von Zeit zu Zeit \u00e4ndern bzw. aktualisieren.<\/p>\n<p><strong>3. Haftungsausschluss<\/strong><br \/>\nAuf unseren Websites k\u00f6nnen sich Hyperlinks zu fremden Websites anderer Anbieter befinden. BCK sind die Inhalte fremder Websites unbekannt. Die BCK \u00fcbernimmt daher keine Gew\u00e4hr oder Haftung f\u00fcr eventuell rechtswidrige Inhalte oder sonstige Rechtsverletzungen auf Websites fremder Anbieter. Die Informationen auf dieser Website wurden mit aller Sorgfalt zusammengestellt und \u00fcberpr\u00fcft. Dennoch k\u00f6nnen wir f\u00fcr ihre Aktualit\u00e4t, Richtigkeit, Vollst\u00e4ndigkeit und \/ oder Qualit\u00e4t keinerlei Verantwortung \u00fcbernehmen. Diese Website dient der allgemeinen Information und ersetzt keinesfalls fachlichen Rat. BCK \u00fcbernimmt keine Verantwortung f\u00fcr Handlungen, die auf der Grundlage dieser Website vorgenommen wurden. Die Benutzung dieser Website und das Herunterladen von Daten erfolgt auf eigene Gefahr. BCK \u00fcbernimmt keine Verantwortung f\u00fcr hieraus entstehende Sch\u00e4den, insbesondere an Datenbest\u00e4nden, Hard- und \/ oder Software des Benutzers.<\/p>\n<\/div>[\/vc_column][\/vc_row]<\/p>\n<\/div>","protected":false},"excerpt":{"rendered":"<p>[vc_row][vc_column][\/vc_column][\/vc_row][vc_row css=&#8221;.vc_custom_1751283441128{padding-bottom: 35px !important;}&#8221;][vc_column][\/vc_column][\/vc_row]<\/p>\n","protected":false},"author":2,"featured_media":0,"parent":0,"menu_order":0,"comment_status":"closed","ping_status":"closed","template":"","meta":{"_acf_changed":false,"footnotes":""},"class_list":["post-148","page","type-page","status-publish","hentry"],"acf":[],"yoast_head":"<!-- This site is optimized with the Yoast SEO plugin v25.3.1 - https:\/\/yoast.com\/wordpress\/plugins\/seo\/ -->\n<title>Datenschutz - Bootsservice Center Fette<\/title>\n<meta name=\"robots\" content=\"index, follow, max-snippet:-1, max-image-preview:large, max-video-preview:-1\" \/>\n<link rel=\"canonical\" href=\"https:\/\/www.bootsservice-fette.de\/index.php\/datenschutz\/\" \/>\n<meta property=\"og:locale\" content=\"de_DE\" \/>\n<meta property=\"og:type\" content=\"article\" \/>\n<meta property=\"og:title\" content=\"Datenschutz - Bootsservice Center Fette\" \/>\n<meta property=\"og:description\" content=\"[vc_row][vc_column][\/vc_column][\/vc_row][vc_row css=&#8221;.vc_custom_1751283441128{padding-bottom: 35px !important;}&#8221;][vc_column][\/vc_column][\/vc_row]\" \/>\n<meta property=\"og:url\" content=\"https:\/\/www.bootsservice-fette.de\/index.php\/datenschutz\/\" \/>\n<meta property=\"og:site_name\" content=\"Bootsservice Center Fette\" \/>\n<meta property=\"article:modified_time\" content=\"2025-06-30T11:37:55+00:00\" \/>\n<meta name=\"twitter:card\" content=\"summary_large_image\" \/>\n<meta name=\"twitter:label1\" content=\"Gesch\u00e4tzte Lesezeit\" \/>\n\t<meta name=\"twitter:data1\" content=\"8\u00a0Minuten\" \/>\n<script type=\"application\/ld+json\" class=\"yoast-schema-graph\">{\"@context\":\"https:\/\/schema.org\",\"@graph\":[{\"@type\":\"WebPage\",\"@id\":\"https:\/\/www.bootsservice-fette.de\/index.php\/datenschutz\/\",\"url\":\"https:\/\/www.bootsservice-fette.de\/index.php\/datenschutz\/\",\"name\":\"Datenschutz - Bootsservice Center Fette\",\"isPartOf\":{\"@id\":\"https:\/\/www.bootsservice-fette.de\/#website\"},\"datePublished\":\"2017-03-26T15:50:14+00:00\",\"dateModified\":\"2025-06-30T11:37:55+00:00\",\"breadcrumb\":{\"@id\":\"https:\/\/www.bootsservice-fette.de\/index.php\/datenschutz\/#breadcrumb\"},\"inLanguage\":\"de\",\"potentialAction\":[{\"@type\":\"ReadAction\",\"target\":[\"https:\/\/www.bootsservice-fette.de\/index.php\/datenschutz\/\"]}]},{\"@type\":\"BreadcrumbList\",\"@id\":\"https:\/\/www.bootsservice-fette.de\/index.php\/datenschutz\/#breadcrumb\",\"itemListElement\":[{\"@type\":\"ListItem\",\"position\":1,\"name\":\"Startseite\",\"item\":\"https:\/\/www.bootsservice-fette.de\/\"},{\"@type\":\"ListItem\",\"position\":2,\"name\":\"Datenschutz\"}]},{\"@type\":\"WebSite\",\"@id\":\"https:\/\/www.bootsservice-fette.de\/#website\",\"url\":\"https:\/\/www.bootsservice-fette.de\/\",\"name\":\"Bootsservice Center Fette\",\"description\":\"\",\"potentialAction\":[{\"@type\":\"SearchAction\",\"target\":{\"@type\":\"EntryPoint\",\"urlTemplate\":\"https:\/\/www.bootsservice-fette.de\/?s={search_term_string}\"},\"query-input\":{\"@type\":\"PropertyValueSpecification\",\"valueRequired\":true,\"valueName\":\"search_term_string\"}}],\"inLanguage\":\"de\"}]}<\/script>\n<!-- \/ Yoast SEO plugin. -->","yoast_head_json":{"title":"Datenschutz - Bootsservice Center Fette","robots":{"index":"index","follow":"follow","max-snippet":"max-snippet:-1","max-image-preview":"max-image-preview:large","max-video-preview":"max-video-preview:-1"},"canonical":"https:\/\/www.bootsservice-fette.de\/index.php\/datenschutz\/","og_locale":"de_DE","og_type":"article","og_title":"Datenschutz - Bootsservice Center Fette","og_description":"[vc_row][vc_column][\/vc_column][\/vc_row][vc_row css=&#8221;.vc_custom_1751283441128{padding-bottom: 35px !important;}&#8221;][vc_column][\/vc_column][\/vc_row]","og_url":"https:\/\/www.bootsservice-fette.de\/index.php\/datenschutz\/","og_site_name":"Bootsservice Center Fette","article_modified_time":"2025-06-30T11:37:55+00:00","twitter_card":"summary_large_image","twitter_misc":{"Gesch\u00e4tzte Lesezeit":"8\u00a0Minuten"},"schema":{"@context":"https:\/\/schema.org","@graph":[{"@type":"WebPage","@id":"https:\/\/www.bootsservice-fette.de\/index.php\/datenschutz\/","url":"https:\/\/www.bootsservice-fette.de\/index.php\/datenschutz\/","name":"Datenschutz - Bootsservice Center Fette","isPartOf":{"@id":"https:\/\/www.bootsservice-fette.de\/#website"},"datePublished":"2017-03-26T15:50:14+00:00","dateModified":"2025-06-30T11:37:55+00:00","breadcrumb":{"@id":"https:\/\/www.bootsservice-fette.de\/index.php\/datenschutz\/#breadcrumb"},"inLanguage":"de","potentialAction":[{"@type":"ReadAction","target":["https:\/\/www.bootsservice-fette.de\/index.php\/datenschutz\/"]}]},{"@type":"BreadcrumbList","@id":"https:\/\/www.bootsservice-fette.de\/index.php\/datenschutz\/#breadcrumb","itemListElement":[{"@type":"ListItem","position":1,"name":"Startseite","item":"https:\/\/www.bootsservice-fette.de\/"},{"@type":"ListItem","position":2,"name":"Datenschutz"}]},{"@type":"WebSite","@id":"https:\/\/www.bootsservice-fette.de\/#website","url":"https:\/\/www.bootsservice-fette.de\/","name":"Bootsservice Center Fette","description":"","potentialAction":[{"@type":"SearchAction","target":{"@type":"EntryPoint","urlTemplate":"https:\/\/www.bootsservice-fette.de\/?s={search_term_string}"},"query-input":{"@type":"PropertyValueSpecification","valueRequired":true,"valueName":"search_term_string"}}],"inLanguage":"de"}]}},"_links":{"self":[{"href":"https:\/\/www.bootsservice-fette.de\/index.php\/wp-json\/wp\/v2\/pages\/148","targetHints":{"allow":["GET"]}}],"collection":[{"href":"https:\/\/www.bootsservice-fette.de\/index.php\/wp-json\/wp\/v2\/pages"}],"about":[{"href":"https:\/\/www.bootsservice-fette.de\/index.php\/wp-json\/wp\/v2\/types\/page"}],"author":[{"embeddable":true,"href":"https:\/\/www.bootsservice-fette.de\/index.php\/wp-json\/wp\/v2\/users\/2"}],"replies":[{"embeddable":true,"href":"https:\/\/www.bootsservice-fette.de\/index.php\/wp-json\/wp\/v2\/comments?post=148"}],"version-history":[{"count":8,"href":"https:\/\/www.bootsservice-fette.de\/index.php\/wp-json\/wp\/v2\/pages\/148\/revisions"}],"predecessor-version":[{"id":647,"href":"https:\/\/www.bootsservice-fette.de\/index.php\/wp-json\/wp\/v2\/pages\/148\/revisions\/647"}],"wp:attachment":[{"href":"https:\/\/www.bootsservice-fette.de\/index.php\/wp-json\/wp\/v2\/media?parent=148"}],"curies":[{"name":"wp","href":"https:\/\/api.w.org\/{rel}","templated":true}]}}