{"id":150,"date":"2017-03-26T17:50:32","date_gmt":"2017-03-26T15:50:32","guid":{"rendered":"http:\/\/bs.bootsservice-fette.de\/?page_id=150"},"modified":"2025-06-30T13:25:50","modified_gmt":"2025-06-30T11:25:50","slug":"impressum","status":"publish","type":"page","link":"https:\/\/www.bootsservice-fette.de\/index.php\/impressum\/","title":{"rendered":"Impressum"},"content":{"rendered":"<div class=\"wpb-content-wrapper\"><p>[vc_row css=&#8221;.vc_custom_1751282746199{padding-bottom: 35px !important;}&#8221;][vc_column]<div class=\"fl-vc-custom-title-container without-icon text-center\" ><span class=\"lines-left\"><\/span><h1 class=\"fl-title-vc without-icon fl-custom-title-69e58cb36b397-7946\" >IMPRESSUM<\/h1><span class=\"lines-right\"><\/span><\/div><div class=\"fl_custom_text__block fl-custom-text-69e58cb36b413-8177\" ><p>BCK-Bootsservice und Ersatzteile GmbH<br \/>\nGesch\u00e4ftsf\u00fchrer Hermann Fette<\/p>\n<p>Telefon (05731) 3100<br \/>\nTelefax (05731) 22543<br \/>\nE-mail: mail@bootsservice-fette.de<\/p>\n<p>Handelsregister: Amtsgericht Bad Oeynhausen, HRB 1829<br \/>\nUmsatzsteuer-Identifikationsnummer: DE 158654252<\/p>\n<p>Verantwortlich gem\u00e4\u00df \u00a7 55 RStV:<br \/>\nHermann Fette<br \/>\nAm Wasserwerk 10<br \/>\n32547 Bad Oeynhausen<\/p>\n<p>Bildnachweis \u00a9 Fotolia<\/p>\n<p>Webdesig\/ Umsetzung<br \/>\n<a href=\"https:\/\/langlucky.com\/\" target=\"_blank\" rel=\"noopener noreferrer\">LANGLUCKY<\/a><\/p>\n<p><strong>Alternative Streitbeilegung<\/strong><br \/>\nDie Europ\u00e4ische Kommission stellt eine Plattform f\u00fcr die au\u00dfergerichtliche Online-Streitbeilegung (OS-Plattform) bereit, aufrufbar unter <a href=\"https:\/\/ec.europa.eu\/odr\" target=\"_blank\" rel=\"noopener noreferrer\">https:\/\/ec.europa.eu\/odr<\/a><\/p>\n<\/div>[\/vc_column][\/vc_row]<\/p>\n<\/div>","protected":false},"excerpt":{"rendered":"<p>[vc_row css=&#8221;.vc_custom_1751282746199{padding-bottom: 35px !important;}&#8221;][vc_column][\/vc_column][\/vc_row]<\/p>\n","protected":false},"author":2,"featured_media":0,"parent":0,"menu_order":0,"comment_status":"closed","ping_status":"closed","template":"","meta":{"_acf_changed":false,"footnotes":""},"class_list":["post-150","page","type-page","status-publish","hentry"],"acf":[],"yoast_head":"<!-- This site is optimized with the Yoast SEO plugin v25.3.1 - https:\/\/yoast.com\/wordpress\/plugins\/seo\/ -->\n<title>Impressum - Bootsservice Center Fette<\/title>\n<meta name=\"robots\" content=\"index, follow, max-snippet:-1, max-image-preview:large, max-video-preview:-1\" \/>\n<link rel=\"canonical\" href=\"https:\/\/www.bootsservice-fette.de\/index.php\/impressum\/\" \/>\n<meta property=\"og:locale\" content=\"de_DE\" \/>\n<meta property=\"og:type\" content=\"article\" \/>\n<meta property=\"og:title\" content=\"Impressum - Bootsservice Center Fette\" \/>\n<meta property=\"og:description\" content=\"[vc_row css=&#8221;.vc_custom_1751282746199{padding-bottom: 35px !important;}&#8221;][vc_column][\/vc_column][\/vc_row]\" \/>\n<meta property=\"og:url\" content=\"https:\/\/www.bootsservice-fette.de\/index.php\/impressum\/\" \/>\n<meta property=\"og:site_name\" content=\"Bootsservice Center Fette\" \/>\n<meta property=\"article:modified_time\" content=\"2025-06-30T11:25:50+00:00\" \/>\n<meta name=\"twitter:card\" content=\"summary_large_image\" \/>\n<script type=\"application\/ld+json\" class=\"yoast-schema-graph\">{\"@context\":\"https:\/\/schema.org\",\"@graph\":[{\"@type\":\"WebPage\",\"@id\":\"https:\/\/www.bootsservice-fette.de\/index.php\/impressum\/\",\"url\":\"https:\/\/www.bootsservice-fette.de\/index.php\/impressum\/\",\"name\":\"Impressum - Bootsservice Center Fette\",\"isPartOf\":{\"@id\":\"https:\/\/www.bootsservice-fette.de\/#website\"},\"datePublished\":\"2017-03-26T15:50:32+00:00\",\"dateModified\":\"2025-06-30T11:25:50+00:00\",\"breadcrumb\":{\"@id\":\"https:\/\/www.bootsservice-fette.de\/index.php\/impressum\/#breadcrumb\"},\"inLanguage\":\"de\",\"potentialAction\":[{\"@type\":\"ReadAction\",\"target\":[\"https:\/\/www.bootsservice-fette.de\/index.php\/impressum\/\"]}]},{\"@type\":\"BreadcrumbList\",\"@id\":\"https:\/\/www.bootsservice-fette.de\/index.php\/impressum\/#breadcrumb\",\"itemListElement\":[{\"@type\":\"ListItem\",\"position\":1,\"name\":\"Startseite\",\"item\":\"https:\/\/www.bootsservice-fette.de\/\"},{\"@type\":\"ListItem\",\"position\":2,\"name\":\"Impressum\"}]},{\"@type\":\"WebSite\",\"@id\":\"https:\/\/www.bootsservice-fette.de\/#website\",\"url\":\"https:\/\/www.bootsservice-fette.de\/\",\"name\":\"Bootsservice Center Fette\",\"description\":\"\",\"potentialAction\":[{\"@type\":\"SearchAction\",\"target\":{\"@type\":\"EntryPoint\",\"urlTemplate\":\"https:\/\/www.bootsservice-fette.de\/?s={search_term_string}\"},\"query-input\":{\"@type\":\"PropertyValueSpecification\",\"valueRequired\":true,\"valueName\":\"search_term_string\"}}],\"inLanguage\":\"de\"}]}<\/script>\n<!-- \/ Yoast SEO plugin. -->","yoast_head_json":{"title":"Impressum - Bootsservice Center Fette","robots":{"index":"index","follow":"follow","max-snippet":"max-snippet:-1","max-image-preview":"max-image-preview:large","max-video-preview":"max-video-preview:-1"},"canonical":"https:\/\/www.bootsservice-fette.de\/index.php\/impressum\/","og_locale":"de_DE","og_type":"article","og_title":"Impressum - Bootsservice Center Fette","og_description":"[vc_row css=&#8221;.vc_custom_1751282746199{padding-bottom: 35px !important;}&#8221;][vc_column][\/vc_column][\/vc_row]","og_url":"https:\/\/www.bootsservice-fette.de\/index.php\/impressum\/","og_site_name":"Bootsservice Center Fette","article_modified_time":"2025-06-30T11:25:50+00:00","twitter_card":"summary_large_image","schema":{"@context":"https:\/\/schema.org","@graph":[{"@type":"WebPage","@id":"https:\/\/www.bootsservice-fette.de\/index.php\/impressum\/","url":"https:\/\/www.bootsservice-fette.de\/index.php\/impressum\/","name":"Impressum - Bootsservice Center Fette","isPartOf":{"@id":"https:\/\/www.bootsservice-fette.de\/#website"},"datePublished":"2017-03-26T15:50:32+00:00","dateModified":"2025-06-30T11:25:50+00:00","breadcrumb":{"@id":"https:\/\/www.bootsservice-fette.de\/index.php\/impressum\/#breadcrumb"},"inLanguage":"de","potentialAction":[{"@type":"ReadAction","target":["https:\/\/www.bootsservice-fette.de\/index.php\/impressum\/"]}]},{"@type":"BreadcrumbList","@id":"https:\/\/www.bootsservice-fette.de\/index.php\/impressum\/#breadcrumb","itemListElement":[{"@type":"ListItem","position":1,"name":"Startseite","item":"https:\/\/www.bootsservice-fette.de\/"},{"@type":"ListItem","position":2,"name":"Impressum"}]},{"@type":"WebSite","@id":"https:\/\/www.bootsservice-fette.de\/#website","url":"https:\/\/www.bootsservice-fette.de\/","name":"Bootsservice Center Fette","description":"","potentialAction":[{"@type":"SearchAction","target":{"@type":"EntryPoint","urlTemplate":"https:\/\/www.bootsservice-fette.de\/?s={search_term_string}"},"query-input":{"@type":"PropertyValueSpecification","valueRequired":true,"valueName":"search_term_string"}}],"inLanguage":"de"}]}},"_links":{"self":[{"href":"https:\/\/www.bootsservice-fette.de\/index.php\/wp-json\/wp\/v2\/pages\/150","targetHints":{"allow":["GET"]}}],"collection":[{"href":"https:\/\/www.bootsservice-fette.de\/index.php\/wp-json\/wp\/v2\/pages"}],"about":[{"href":"https:\/\/www.bootsservice-fette.de\/index.php\/wp-json\/wp\/v2\/types\/page"}],"author":[{"embeddable":true,"href":"https:\/\/www.bootsservice-fette.de\/index.php\/wp-json\/wp\/v2\/users\/2"}],"replies":[{"embeddable":true,"href":"https:\/\/www.bootsservice-fette.de\/index.php\/wp-json\/wp\/v2\/comments?post=150"}],"version-history":[{"count":6,"href":"https:\/\/www.bootsservice-fette.de\/index.php\/wp-json\/wp\/v2\/pages\/150\/revisions"}],"predecessor-version":[{"id":637,"href":"https:\/\/www.bootsservice-fette.de\/index.php\/wp-json\/wp\/v2\/pages\/150\/revisions\/637"}],"wp:attachment":[{"href":"https:\/\/www.bootsservice-fette.de\/index.php\/wp-json\/wp\/v2\/media?parent=150"}],"curies":[{"name":"wp","href":"https:\/\/api.w.org\/{rel}","templated":true}]}}