{"id":154,"date":"2017-03-26T17:52:04","date_gmt":"2017-03-26T15:52:04","guid":{"rendered":"http:\/\/bs.bootsservice-fette.de\/?page_id=154"},"modified":"2025-06-30T13:31:58","modified_gmt":"2025-06-30T11:31:58","slug":"winterlager-service","status":"publish","type":"page","link":"https:\/\/www.bootsservice-fette.de\/index.php\/winterlager-service\/","title":{"rendered":"Winterlager &#8211; Service"},"content":{"rendered":"<div class=\"wpb-content-wrapper\"><p>[vc_row][vc_column]<div class=\"fl-vc-custom-title-container without-icon text-center\" ><span class=\"lines-left\"><\/span><h1 class=\"fl-title-vc without-icon fl-custom-title-69e49b9130118-7768\" >WINTERLAGER &#8211; SERVICE<\/h1><span class=\"lines-right\"><\/span><\/div>[\/vc_column][\/vc_row][vc_row css=&#8221;.vc_custom_1751283115650{padding-bottom: 35px !important;}&#8221;][vc_column][vc_single_image image=&#8221;243&#8243; alignment=&#8221;center&#8221;]<div class=\"fl_custom_text__block fl-custom-text-69e49b91301bb-1343\" ><p>Wir f\u00fchren an Ihrem Boot und Motor den kompletten Winterservice durch, soda\u00df es im Fr\u00fchjahr kein b\u00f6ses Erwachen gibt.<br \/>\nNach vorheriger Absprache bieten wir Ihnen einen Winterlagerplatz in der Halle oder auf dem Freigel\u00e4nde an.<\/p>\n<\/div>[\/vc_column][\/vc_row]<\/p>\n<\/div>","protected":false},"excerpt":{"rendered":"<p>[vc_row][vc_column][\/vc_column][\/vc_row][vc_row css=&#8221;.vc_custom_1751283115650{padding-bottom: 35px !important;}&#8221;][vc_column][vc_single_image image=&#8221;243&#8243; alignment=&#8221;center&#8221;][\/vc_column][\/vc_row]<\/p>\n","protected":false},"author":2,"featured_media":243,"parent":0,"menu_order":0,"comment_status":"closed","ping_status":"closed","template":"","meta":{"_acf_changed":false,"footnotes":""},"class_list":["post-154","page","type-page","status-publish","has-post-thumbnail","hentry"],"acf":[],"yoast_head":"<!-- This site is optimized with the Yoast SEO plugin v25.3.1 - https:\/\/yoast.com\/wordpress\/plugins\/seo\/ -->\n<title>Winterlager - Service - Bootsservice Center Fette<\/title>\n<meta name=\"robots\" content=\"index, follow, max-snippet:-1, max-image-preview:large, max-video-preview:-1\" \/>\n<link rel=\"canonical\" href=\"https:\/\/www.bootsservice-fette.de\/index.php\/winterlager-service\/\" \/>\n<meta property=\"og:locale\" content=\"de_DE\" \/>\n<meta property=\"og:type\" content=\"article\" \/>\n<meta property=\"og:title\" content=\"Winterlager - Service - Bootsservice Center Fette\" \/>\n<meta property=\"og:description\" content=\"[vc_row][vc_column][\/vc_column][\/vc_row][vc_row css=&#8221;.vc_custom_1751283115650{padding-bottom: 35px !important;}&#8221;][vc_column][vc_single_image image=&#8221;243&#8243; alignment=&#8221;center&#8221;][\/vc_column][\/vc_row]\" \/>\n<meta property=\"og:url\" content=\"https:\/\/www.bootsservice-fette.de\/index.php\/winterlager-service\/\" \/>\n<meta property=\"og:site_name\" content=\"Bootsservice Center Fette\" \/>\n<meta property=\"article:modified_time\" content=\"2025-06-30T11:31:58+00:00\" \/>\n<meta property=\"og:image\" content=\"https:\/\/www.bootsservice-fette.de\/wp-content\/uploads\/2017\/03\/101_0506-e1490731347726.jpg\" \/>\n\t<meta property=\"og:image:width\" content=\"500\" \/>\n\t<meta property=\"og:image:height\" content=\"335\" \/>\n\t<meta property=\"og:image:type\" content=\"image\/jpeg\" \/>\n<meta name=\"twitter:card\" content=\"summary_large_image\" \/>\n<script type=\"application\/ld+json\" class=\"yoast-schema-graph\">{\"@context\":\"https:\/\/schema.org\",\"@graph\":[{\"@type\":\"WebPage\",\"@id\":\"https:\/\/www.bootsservice-fette.de\/index.php\/winterlager-service\/\",\"url\":\"https:\/\/www.bootsservice-fette.de\/index.php\/winterlager-service\/\",\"name\":\"Winterlager - Service - Bootsservice Center Fette\",\"isPartOf\":{\"@id\":\"https:\/\/www.bootsservice-fette.de\/#website\"},\"primaryImageOfPage\":{\"@id\":\"https:\/\/www.bootsservice-fette.de\/index.php\/winterlager-service\/#primaryimage\"},\"image\":{\"@id\":\"https:\/\/www.bootsservice-fette.de\/index.php\/winterlager-service\/#primaryimage\"},\"thumbnailUrl\":\"https:\/\/www.bootsservice-fette.de\/wp-content\/uploads\/2017\/03\/101_0506-e1490731347726.jpg\",\"datePublished\":\"2017-03-26T15:52:04+00:00\",\"dateModified\":\"2025-06-30T11:31:58+00:00\",\"breadcrumb\":{\"@id\":\"https:\/\/www.bootsservice-fette.de\/index.php\/winterlager-service\/#breadcrumb\"},\"inLanguage\":\"de\",\"potentialAction\":[{\"@type\":\"ReadAction\",\"target\":[\"https:\/\/www.bootsservice-fette.de\/index.php\/winterlager-service\/\"]}]},{\"@type\":\"ImageObject\",\"inLanguage\":\"de\",\"@id\":\"https:\/\/www.bootsservice-fette.de\/index.php\/winterlager-service\/#primaryimage\",\"url\":\"https:\/\/www.bootsservice-fette.de\/wp-content\/uploads\/2017\/03\/101_0506-e1490731347726.jpg\",\"contentUrl\":\"https:\/\/www.bootsservice-fette.de\/wp-content\/uploads\/2017\/03\/101_0506-e1490731347726.jpg\",\"width\":500,\"height\":335},{\"@type\":\"BreadcrumbList\",\"@id\":\"https:\/\/www.bootsservice-fette.de\/index.php\/winterlager-service\/#breadcrumb\",\"itemListElement\":[{\"@type\":\"ListItem\",\"position\":1,\"name\":\"Startseite\",\"item\":\"https:\/\/www.bootsservice-fette.de\/\"},{\"@type\":\"ListItem\",\"position\":2,\"name\":\"Winterlager &#8211; Service\"}]},{\"@type\":\"WebSite\",\"@id\":\"https:\/\/www.bootsservice-fette.de\/#website\",\"url\":\"https:\/\/www.bootsservice-fette.de\/\",\"name\":\"Bootsservice Center Fette\",\"description\":\"\",\"potentialAction\":[{\"@type\":\"SearchAction\",\"target\":{\"@type\":\"EntryPoint\",\"urlTemplate\":\"https:\/\/www.bootsservice-fette.de\/?s={search_term_string}\"},\"query-input\":{\"@type\":\"PropertyValueSpecification\",\"valueRequired\":true,\"valueName\":\"search_term_string\"}}],\"inLanguage\":\"de\"}]}<\/script>\n<!-- \/ Yoast SEO plugin. -->","yoast_head_json":{"title":"Winterlager - Service - Bootsservice Center Fette","robots":{"index":"index","follow":"follow","max-snippet":"max-snippet:-1","max-image-preview":"max-image-preview:large","max-video-preview":"max-video-preview:-1"},"canonical":"https:\/\/www.bootsservice-fette.de\/index.php\/winterlager-service\/","og_locale":"de_DE","og_type":"article","og_title":"Winterlager - Service - Bootsservice Center Fette","og_description":"[vc_row][vc_column][\/vc_column][\/vc_row][vc_row css=&#8221;.vc_custom_1751283115650{padding-bottom: 35px !important;}&#8221;][vc_column][vc_single_image image=&#8221;243&#8243; alignment=&#8221;center&#8221;][\/vc_column][\/vc_row]","og_url":"https:\/\/www.bootsservice-fette.de\/index.php\/winterlager-service\/","og_site_name":"Bootsservice Center Fette","article_modified_time":"2025-06-30T11:31:58+00:00","og_image":[{"width":500,"height":335,"url":"https:\/\/www.bootsservice-fette.de\/wp-content\/uploads\/2017\/03\/101_0506-e1490731347726.jpg","type":"image\/jpeg"}],"twitter_card":"summary_large_image","schema":{"@context":"https:\/\/schema.org","@graph":[{"@type":"WebPage","@id":"https:\/\/www.bootsservice-fette.de\/index.php\/winterlager-service\/","url":"https:\/\/www.bootsservice-fette.de\/index.php\/winterlager-service\/","name":"Winterlager - Service - Bootsservice Center Fette","isPartOf":{"@id":"https:\/\/www.bootsservice-fette.de\/#website"},"primaryImageOfPage":{"@id":"https:\/\/www.bootsservice-fette.de\/index.php\/winterlager-service\/#primaryimage"},"image":{"@id":"https:\/\/www.bootsservice-fette.de\/index.php\/winterlager-service\/#primaryimage"},"thumbnailUrl":"https:\/\/www.bootsservice-fette.de\/wp-content\/uploads\/2017\/03\/101_0506-e1490731347726.jpg","datePublished":"2017-03-26T15:52:04+00:00","dateModified":"2025-06-30T11:31:58+00:00","breadcrumb":{"@id":"https:\/\/www.bootsservice-fette.de\/index.php\/winterlager-service\/#breadcrumb"},"inLanguage":"de","potentialAction":[{"@type":"ReadAction","target":["https:\/\/www.bootsservice-fette.de\/index.php\/winterlager-service\/"]}]},{"@type":"ImageObject","inLanguage":"de","@id":"https:\/\/www.bootsservice-fette.de\/index.php\/winterlager-service\/#primaryimage","url":"https:\/\/www.bootsservice-fette.de\/wp-content\/uploads\/2017\/03\/101_0506-e1490731347726.jpg","contentUrl":"https:\/\/www.bootsservice-fette.de\/wp-content\/uploads\/2017\/03\/101_0506-e1490731347726.jpg","width":500,"height":335},{"@type":"BreadcrumbList","@id":"https:\/\/www.bootsservice-fette.de\/index.php\/winterlager-service\/#breadcrumb","itemListElement":[{"@type":"ListItem","position":1,"name":"Startseite","item":"https:\/\/www.bootsservice-fette.de\/"},{"@type":"ListItem","position":2,"name":"Winterlager &#8211; Service"}]},{"@type":"WebSite","@id":"https:\/\/www.bootsservice-fette.de\/#website","url":"https:\/\/www.bootsservice-fette.de\/","name":"Bootsservice Center Fette","description":"","potentialAction":[{"@type":"SearchAction","target":{"@type":"EntryPoint","urlTemplate":"https:\/\/www.bootsservice-fette.de\/?s={search_term_string}"},"query-input":{"@type":"PropertyValueSpecification","valueRequired":true,"valueName":"search_term_string"}}],"inLanguage":"de"}]}},"_links":{"self":[{"href":"https:\/\/www.bootsservice-fette.de\/index.php\/wp-json\/wp\/v2\/pages\/154","targetHints":{"allow":["GET"]}}],"collection":[{"href":"https:\/\/www.bootsservice-fette.de\/index.php\/wp-json\/wp\/v2\/pages"}],"about":[{"href":"https:\/\/www.bootsservice-fette.de\/index.php\/wp-json\/wp\/v2\/types\/page"}],"author":[{"embeddable":true,"href":"https:\/\/www.bootsservice-fette.de\/index.php\/wp-json\/wp\/v2\/users\/2"}],"replies":[{"embeddable":true,"href":"https:\/\/www.bootsservice-fette.de\/index.php\/wp-json\/wp\/v2\/comments?post=154"}],"version-history":[{"count":3,"href":"https:\/\/www.bootsservice-fette.de\/index.php\/wp-json\/wp\/v2\/pages\/154\/revisions"}],"predecessor-version":[{"id":642,"href":"https:\/\/www.bootsservice-fette.de\/index.php\/wp-json\/wp\/v2\/pages\/154\/revisions\/642"}],"wp:featuredmedia":[{"embeddable":true,"href":"https:\/\/www.bootsservice-fette.de\/index.php\/wp-json\/wp\/v2\/media\/243"}],"wp:attachment":[{"href":"https:\/\/www.bootsservice-fette.de\/index.php\/wp-json\/wp\/v2\/media?parent=154"}],"curies":[{"name":"wp","href":"https:\/\/api.w.org\/{rel}","templated":true}]}}