{"id":172,"date":"2017-03-27T21:29:35","date_gmt":"2017-03-27T19:29:35","guid":{"rendered":"http:\/\/bs.bootsservice-fette.de\/?page_id=172"},"modified":"2025-06-30T13:28:54","modified_gmt":"2025-06-30T11:28:54","slug":"ersatzteile","status":"publish","type":"page","link":"https:\/\/www.bootsservice-fette.de\/index.php\/ersatzteile\/","title":{"rendered":"Ersatzteile"},"content":{"rendered":"<div class=\"wpb-content-wrapper\"><p>[vc_row][vc_column]<div class=\"fl-vc-custom-title-container without-icon text-center\" ><span class=\"lines-left\"><\/span><h1 class=\"fl-title-vc without-icon fl-custom-title-69d07b3459389-9831\" >ERSATZTEILE<\/h1><span class=\"lines-right\"><\/span><\/div>[\/vc_column][\/vc_row][vc_row css=&#8221;.vc_custom_1751282931229{padding-bottom: 35px !important;}&#8221;][vc_column][vc_single_image image=&#8221;455&#8243; alignment=&#8221;center&#8221;]<div class=\"fl_custom_text__block fl-custom-text-69d07b345941a-8124\" ><p>Wir liefern Ersatzteile f\u00fcr alle f\u00fchrenden Bootsmotoren sowie Zubeh\u00f6rartikel. Gern auch Versand. Bitte die genaue Bezeichnung, Seriennummer sowie Motordaten angeben.<\/p>\n<p>Da wir Vertragsh\u00e4ndler von f\u00fchrenden Bootsmotorenherstellern sind, haben wir die M\u00f6glichkeit, Sie mit den n\u00f6tigen Original-Ersatzteilen zu versorgen.<\/p>\n<\/div>[\/vc_column][\/vc_row]<\/p>\n<\/div>","protected":false},"excerpt":{"rendered":"<p>[vc_row][vc_column][\/vc_column][\/vc_row][vc_row css=&#8221;.vc_custom_1751282931229{padding-bottom: 35px !important;}&#8221;][vc_column][vc_single_image image=&#8221;455&#8243; alignment=&#8221;center&#8221;][\/vc_column][\/vc_row]<\/p>\n","protected":false},"author":2,"featured_media":455,"parent":0,"menu_order":0,"comment_status":"closed","ping_status":"closed","template":"","meta":{"_acf_changed":false,"footnotes":""},"class_list":["post-172","page","type-page","status-publish","has-post-thumbnail","hentry"],"acf":[],"yoast_head":"<!-- This site is optimized with the Yoast SEO plugin v25.3.1 - https:\/\/yoast.com\/wordpress\/plugins\/seo\/ -->\n<title>Ersatzteile - Bootsservice Center Fette<\/title>\n<meta name=\"robots\" content=\"index, follow, max-snippet:-1, max-image-preview:large, max-video-preview:-1\" \/>\n<link rel=\"canonical\" href=\"https:\/\/www.bootsservice-fette.de\/index.php\/ersatzteile\/\" \/>\n<meta property=\"og:locale\" content=\"de_DE\" \/>\n<meta property=\"og:type\" content=\"article\" \/>\n<meta property=\"og:title\" content=\"Ersatzteile - Bootsservice Center Fette\" \/>\n<meta property=\"og:description\" content=\"[vc_row][vc_column][\/vc_column][\/vc_row][vc_row css=&#8221;.vc_custom_1751282931229{padding-bottom: 35px !important;}&#8221;][vc_column][vc_single_image image=&#8221;455&#8243; alignment=&#8221;center&#8221;][\/vc_column][\/vc_row]\" \/>\n<meta property=\"og:url\" content=\"https:\/\/www.bootsservice-fette.de\/index.php\/ersatzteile\/\" \/>\n<meta property=\"og:site_name\" content=\"Bootsservice Center Fette\" \/>\n<meta property=\"article:modified_time\" content=\"2025-06-30T11:28:54+00:00\" \/>\n<meta property=\"og:image\" content=\"https:\/\/www.bootsservice-fette.de\/wp-content\/uploads\/2017\/03\/Bootmotoren.jpg\" \/>\n\t<meta property=\"og:image:width\" content=\"424\" \/>\n\t<meta property=\"og:image:height\" content=\"283\" \/>\n\t<meta property=\"og:image:type\" content=\"image\/jpeg\" \/>\n<meta name=\"twitter:card\" content=\"summary_large_image\" \/>\n<meta name=\"twitter:label1\" content=\"Gesch\u00e4tzte Lesezeit\" \/>\n\t<meta name=\"twitter:data1\" content=\"1\u00a0Minute\" \/>\n<script type=\"application\/ld+json\" class=\"yoast-schema-graph\">{\"@context\":\"https:\/\/schema.org\",\"@graph\":[{\"@type\":\"WebPage\",\"@id\":\"https:\/\/www.bootsservice-fette.de\/index.php\/ersatzteile\/\",\"url\":\"https:\/\/www.bootsservice-fette.de\/index.php\/ersatzteile\/\",\"name\":\"Ersatzteile - Bootsservice Center Fette\",\"isPartOf\":{\"@id\":\"https:\/\/www.bootsservice-fette.de\/#website\"},\"primaryImageOfPage\":{\"@id\":\"https:\/\/www.bootsservice-fette.de\/index.php\/ersatzteile\/#primaryimage\"},\"image\":{\"@id\":\"https:\/\/www.bootsservice-fette.de\/index.php\/ersatzteile\/#primaryimage\"},\"thumbnailUrl\":\"https:\/\/www.bootsservice-fette.de\/wp-content\/uploads\/2017\/03\/Bootmotoren.jpg\",\"datePublished\":\"2017-03-27T19:29:35+00:00\",\"dateModified\":\"2025-06-30T11:28:54+00:00\",\"breadcrumb\":{\"@id\":\"https:\/\/www.bootsservice-fette.de\/index.php\/ersatzteile\/#breadcrumb\"},\"inLanguage\":\"de\",\"potentialAction\":[{\"@type\":\"ReadAction\",\"target\":[\"https:\/\/www.bootsservice-fette.de\/index.php\/ersatzteile\/\"]}]},{\"@type\":\"ImageObject\",\"inLanguage\":\"de\",\"@id\":\"https:\/\/www.bootsservice-fette.de\/index.php\/ersatzteile\/#primaryimage\",\"url\":\"https:\/\/www.bootsservice-fette.de\/wp-content\/uploads\/2017\/03\/Bootmotoren.jpg\",\"contentUrl\":\"https:\/\/www.bootsservice-fette.de\/wp-content\/uploads\/2017\/03\/Bootmotoren.jpg\",\"width\":424,\"height\":283},{\"@type\":\"BreadcrumbList\",\"@id\":\"https:\/\/www.bootsservice-fette.de\/index.php\/ersatzteile\/#breadcrumb\",\"itemListElement\":[{\"@type\":\"ListItem\",\"position\":1,\"name\":\"Startseite\",\"item\":\"https:\/\/www.bootsservice-fette.de\/\"},{\"@type\":\"ListItem\",\"position\":2,\"name\":\"Ersatzteile\"}]},{\"@type\":\"WebSite\",\"@id\":\"https:\/\/www.bootsservice-fette.de\/#website\",\"url\":\"https:\/\/www.bootsservice-fette.de\/\",\"name\":\"Bootsservice Center Fette\",\"description\":\"\",\"potentialAction\":[{\"@type\":\"SearchAction\",\"target\":{\"@type\":\"EntryPoint\",\"urlTemplate\":\"https:\/\/www.bootsservice-fette.de\/?s={search_term_string}\"},\"query-input\":{\"@type\":\"PropertyValueSpecification\",\"valueRequired\":true,\"valueName\":\"search_term_string\"}}],\"inLanguage\":\"de\"}]}<\/script>\n<!-- \/ Yoast SEO plugin. -->","yoast_head_json":{"title":"Ersatzteile - Bootsservice Center Fette","robots":{"index":"index","follow":"follow","max-snippet":"max-snippet:-1","max-image-preview":"max-image-preview:large","max-video-preview":"max-video-preview:-1"},"canonical":"https:\/\/www.bootsservice-fette.de\/index.php\/ersatzteile\/","og_locale":"de_DE","og_type":"article","og_title":"Ersatzteile - Bootsservice Center Fette","og_description":"[vc_row][vc_column][\/vc_column][\/vc_row][vc_row css=&#8221;.vc_custom_1751282931229{padding-bottom: 35px !important;}&#8221;][vc_column][vc_single_image image=&#8221;455&#8243; alignment=&#8221;center&#8221;][\/vc_column][\/vc_row]","og_url":"https:\/\/www.bootsservice-fette.de\/index.php\/ersatzteile\/","og_site_name":"Bootsservice Center Fette","article_modified_time":"2025-06-30T11:28:54+00:00","og_image":[{"width":424,"height":283,"url":"https:\/\/www.bootsservice-fette.de\/wp-content\/uploads\/2017\/03\/Bootmotoren.jpg","type":"image\/jpeg"}],"twitter_card":"summary_large_image","twitter_misc":{"Gesch\u00e4tzte Lesezeit":"1\u00a0Minute"},"schema":{"@context":"https:\/\/schema.org","@graph":[{"@type":"WebPage","@id":"https:\/\/www.bootsservice-fette.de\/index.php\/ersatzteile\/","url":"https:\/\/www.bootsservice-fette.de\/index.php\/ersatzteile\/","name":"Ersatzteile - Bootsservice Center Fette","isPartOf":{"@id":"https:\/\/www.bootsservice-fette.de\/#website"},"primaryImageOfPage":{"@id":"https:\/\/www.bootsservice-fette.de\/index.php\/ersatzteile\/#primaryimage"},"image":{"@id":"https:\/\/www.bootsservice-fette.de\/index.php\/ersatzteile\/#primaryimage"},"thumbnailUrl":"https:\/\/www.bootsservice-fette.de\/wp-content\/uploads\/2017\/03\/Bootmotoren.jpg","datePublished":"2017-03-27T19:29:35+00:00","dateModified":"2025-06-30T11:28:54+00:00","breadcrumb":{"@id":"https:\/\/www.bootsservice-fette.de\/index.php\/ersatzteile\/#breadcrumb"},"inLanguage":"de","potentialAction":[{"@type":"ReadAction","target":["https:\/\/www.bootsservice-fette.de\/index.php\/ersatzteile\/"]}]},{"@type":"ImageObject","inLanguage":"de","@id":"https:\/\/www.bootsservice-fette.de\/index.php\/ersatzteile\/#primaryimage","url":"https:\/\/www.bootsservice-fette.de\/wp-content\/uploads\/2017\/03\/Bootmotoren.jpg","contentUrl":"https:\/\/www.bootsservice-fette.de\/wp-content\/uploads\/2017\/03\/Bootmotoren.jpg","width":424,"height":283},{"@type":"BreadcrumbList","@id":"https:\/\/www.bootsservice-fette.de\/index.php\/ersatzteile\/#breadcrumb","itemListElement":[{"@type":"ListItem","position":1,"name":"Startseite","item":"https:\/\/www.bootsservice-fette.de\/"},{"@type":"ListItem","position":2,"name":"Ersatzteile"}]},{"@type":"WebSite","@id":"https:\/\/www.bootsservice-fette.de\/#website","url":"https:\/\/www.bootsservice-fette.de\/","name":"Bootsservice Center Fette","description":"","potentialAction":[{"@type":"SearchAction","target":{"@type":"EntryPoint","urlTemplate":"https:\/\/www.bootsservice-fette.de\/?s={search_term_string}"},"query-input":{"@type":"PropertyValueSpecification","valueRequired":true,"valueName":"search_term_string"}}],"inLanguage":"de"}]}},"_links":{"self":[{"href":"https:\/\/www.bootsservice-fette.de\/index.php\/wp-json\/wp\/v2\/pages\/172","targetHints":{"allow":["GET"]}}],"collection":[{"href":"https:\/\/www.bootsservice-fette.de\/index.php\/wp-json\/wp\/v2\/pages"}],"about":[{"href":"https:\/\/www.bootsservice-fette.de\/index.php\/wp-json\/wp\/v2\/types\/page"}],"author":[{"embeddable":true,"href":"https:\/\/www.bootsservice-fette.de\/index.php\/wp-json\/wp\/v2\/users\/2"}],"replies":[{"embeddable":true,"href":"https:\/\/www.bootsservice-fette.de\/index.php\/wp-json\/wp\/v2\/comments?post=172"}],"version-history":[{"count":8,"href":"https:\/\/www.bootsservice-fette.de\/index.php\/wp-json\/wp\/v2\/pages\/172\/revisions"}],"predecessor-version":[{"id":639,"href":"https:\/\/www.bootsservice-fette.de\/index.php\/wp-json\/wp\/v2\/pages\/172\/revisions\/639"}],"wp:featuredmedia":[{"embeddable":true,"href":"https:\/\/www.bootsservice-fette.de\/index.php\/wp-json\/wp\/v2\/media\/455"}],"wp:attachment":[{"href":"https:\/\/www.bootsservice-fette.de\/index.php\/wp-json\/wp\/v2\/media?parent=172"}],"curies":[{"name":"wp","href":"https:\/\/api.w.org\/{rel}","templated":true}]}}