{"id":579,"date":"2023-11-23T12:21:39","date_gmt":"2023-11-23T11:21:39","guid":{"rendered":"https:\/\/www.bootsservice-fette.de\/?page_id=579"},"modified":"2025-06-30T13:33:26","modified_gmt":"2025-06-30T11:33:26","slug":"antifouling-anstrich","status":"publish","type":"page","link":"https:\/\/www.bootsservice-fette.de\/index.php\/antifouling-anstrich\/","title":{"rendered":"Antifouling Anstrich"},"content":{"rendered":"<div class=\"wpb-content-wrapper\"><p>[vc_row][vc_column]<div class=\"fl-vc-custom-title-container without-icon text-center\" ><span class=\"lines-left\"><\/span><h1 class=\"fl-title-vc without-icon fl-custom-title-69e58bfa6c3d0-9893\" >ANTIFOULING ANSTRICH<\/h1><span class=\"lines-right\"><\/span><\/div>[\/vc_column][\/vc_row][vc_row css=&#8221;.vc_custom_1751283184206{padding-bottom: 35px !important;}&#8221;][vc_column]<div class=\"fl_custom_text__block fl-custom-text-69e58bfa6c441-7570\" ><p>Herzlich willkommen auf unserer speziellen Unterseite, die sich dem faszinierenden Thema des Antifouling Anstrichs widmet! Wenn Sie auf der Suche nach hochwertigen Antifouling-L\u00f6sungen f\u00fcr Ihr Boot oder Schiff sind, sind Sie hier genau richtig.<\/p>\n<p><strong>Was ist Antifouling?<\/strong><\/p>\n<p>Antifouling ist ein spezieller Anstrich, der dazu dient, das Anhaften von marinen Organismen an der Unterseite von Schiffen und Booten zu verhindern. Diese Organismen, wie Algen, Muscheln und Schalentiere, k\u00f6nnen sich schnell an der Rumpfoberfl\u00e4che festsetzen und die Leistung Ihres Wasserfahrzeugs beeintr\u00e4chtigen. Ein effektiver Antifouling Anstrich sch\u00fctzt nicht nur vor Bewuchs, sondern tr\u00e4gt auch dazu bei, die Lebensdauer Ihres Bootes zu verl\u00e4ngern.<\/p>\n<p><strong>Warum Antifouling wichtig ist<\/strong><\/p>\n<p>Ein effektiver Antifouling Anstrich ist entscheidend, um die Geschwindigkeit, Kraftstoffeffizienz und Man\u00f6vrierf\u00e4higkeit Ihres Bootes zu erhalten. Durch die Vermeidung von Bewuchs wird nicht nur die Leistung verbessert, sondern auch die Wartungskosten reduziert. Unsere Produkte sind darauf ausgerichtet, Ihnen eine zuverl\u00e4ssige und langfristige L\u00f6sung f\u00fcr den Schutz Ihres Wasserfahrzeugs zu bieten.<\/p>\n<p><strong>Beratung und Support<\/strong><\/p>\n<p>Unser engagiertes Team steht Ihnen jederzeit zur Verf\u00fcgung, um Ihnen bei der Auswahl des richtigen Antifouling Anstrichs f\u00fcr Ihre individuellen Anforderungen zu helfen. Kontaktieren Sie uns gerne, wenn Sie Fragen haben oder weitere Informationen zu unseren Produkten ben\u00f6tigen.<\/p>\n<p>Entdecken Sie die Vorteile unserer hochwertigen Antifouling Anstriche und investieren Sie in den Schutz Ihres Bootes. Vertrauen Sie auf unsere Erfahrung und Expertise \u2013 wir setzen auf Qualit\u00e4t, damit Sie sich ganz auf Ihr Wasservergn\u00fcgen konzentrieren k\u00f6nnen.<\/p>\n<\/div>[vc_empty_space][\/vc_column][\/vc_row]<\/p>\n<\/div>","protected":false},"excerpt":{"rendered":"<p>[vc_row][vc_column][\/vc_column][\/vc_row][vc_row css=&#8221;.vc_custom_1751283184206{padding-bottom: 35px !important;}&#8221;][vc_column][vc_empty_space][\/vc_column][\/vc_row]<\/p>\n","protected":false},"author":2,"featured_media":0,"parent":0,"menu_order":0,"comment_status":"closed","ping_status":"closed","template":"","meta":{"_acf_changed":false,"footnotes":""},"class_list":["post-579","page","type-page","status-publish","hentry"],"acf":[],"yoast_head":"<!-- This site is optimized with the Yoast SEO plugin v25.3.1 - https:\/\/yoast.com\/wordpress\/plugins\/seo\/ -->\n<title>Antifouling Anstrich - Bootsservice Center Fette<\/title>\n<meta name=\"robots\" content=\"index, follow, max-snippet:-1, max-image-preview:large, max-video-preview:-1\" \/>\n<link rel=\"canonical\" href=\"https:\/\/www.bootsservice-fette.de\/index.php\/antifouling-anstrich\/\" \/>\n<meta property=\"og:locale\" content=\"de_DE\" \/>\n<meta property=\"og:type\" content=\"article\" \/>\n<meta property=\"og:title\" content=\"Antifouling Anstrich - Bootsservice Center Fette\" \/>\n<meta property=\"og:description\" content=\"[vc_row][vc_column][\/vc_column][\/vc_row][vc_row css=&#8221;.vc_custom_1751283184206{padding-bottom: 35px !important;}&#8221;][vc_column][vc_empty_space][\/vc_column][\/vc_row]\" \/>\n<meta property=\"og:url\" content=\"https:\/\/www.bootsservice-fette.de\/index.php\/antifouling-anstrich\/\" \/>\n<meta property=\"og:site_name\" content=\"Bootsservice Center Fette\" \/>\n<meta property=\"article:modified_time\" content=\"2025-06-30T11:33:26+00:00\" \/>\n<meta name=\"twitter:card\" content=\"summary_large_image\" \/>\n<meta name=\"twitter:label1\" content=\"Gesch\u00e4tzte Lesezeit\" \/>\n\t<meta name=\"twitter:data1\" content=\"2\u00a0Minuten\" \/>\n<script type=\"application\/ld+json\" class=\"yoast-schema-graph\">{\"@context\":\"https:\/\/schema.org\",\"@graph\":[{\"@type\":\"WebPage\",\"@id\":\"https:\/\/www.bootsservice-fette.de\/index.php\/antifouling-anstrich\/\",\"url\":\"https:\/\/www.bootsservice-fette.de\/index.php\/antifouling-anstrich\/\",\"name\":\"Antifouling Anstrich - Bootsservice Center Fette\",\"isPartOf\":{\"@id\":\"https:\/\/www.bootsservice-fette.de\/#website\"},\"datePublished\":\"2023-11-23T11:21:39+00:00\",\"dateModified\":\"2025-06-30T11:33:26+00:00\",\"breadcrumb\":{\"@id\":\"https:\/\/www.bootsservice-fette.de\/index.php\/antifouling-anstrich\/#breadcrumb\"},\"inLanguage\":\"de\",\"potentialAction\":[{\"@type\":\"ReadAction\",\"target\":[\"https:\/\/www.bootsservice-fette.de\/index.php\/antifouling-anstrich\/\"]}]},{\"@type\":\"BreadcrumbList\",\"@id\":\"https:\/\/www.bootsservice-fette.de\/index.php\/antifouling-anstrich\/#breadcrumb\",\"itemListElement\":[{\"@type\":\"ListItem\",\"position\":1,\"name\":\"Startseite\",\"item\":\"https:\/\/www.bootsservice-fette.de\/\"},{\"@type\":\"ListItem\",\"position\":2,\"name\":\"Antifouling Anstrich\"}]},{\"@type\":\"WebSite\",\"@id\":\"https:\/\/www.bootsservice-fette.de\/#website\",\"url\":\"https:\/\/www.bootsservice-fette.de\/\",\"name\":\"Bootsservice Center Fette\",\"description\":\"\",\"potentialAction\":[{\"@type\":\"SearchAction\",\"target\":{\"@type\":\"EntryPoint\",\"urlTemplate\":\"https:\/\/www.bootsservice-fette.de\/?s={search_term_string}\"},\"query-input\":{\"@type\":\"PropertyValueSpecification\",\"valueRequired\":true,\"valueName\":\"search_term_string\"}}],\"inLanguage\":\"de\"}]}<\/script>\n<!-- \/ Yoast SEO plugin. -->","yoast_head_json":{"title":"Antifouling Anstrich - Bootsservice Center Fette","robots":{"index":"index","follow":"follow","max-snippet":"max-snippet:-1","max-image-preview":"max-image-preview:large","max-video-preview":"max-video-preview:-1"},"canonical":"https:\/\/www.bootsservice-fette.de\/index.php\/antifouling-anstrich\/","og_locale":"de_DE","og_type":"article","og_title":"Antifouling Anstrich - Bootsservice Center Fette","og_description":"[vc_row][vc_column][\/vc_column][\/vc_row][vc_row css=&#8221;.vc_custom_1751283184206{padding-bottom: 35px !important;}&#8221;][vc_column][vc_empty_space][\/vc_column][\/vc_row]","og_url":"https:\/\/www.bootsservice-fette.de\/index.php\/antifouling-anstrich\/","og_site_name":"Bootsservice Center Fette","article_modified_time":"2025-06-30T11:33:26+00:00","twitter_card":"summary_large_image","twitter_misc":{"Gesch\u00e4tzte Lesezeit":"2\u00a0Minuten"},"schema":{"@context":"https:\/\/schema.org","@graph":[{"@type":"WebPage","@id":"https:\/\/www.bootsservice-fette.de\/index.php\/antifouling-anstrich\/","url":"https:\/\/www.bootsservice-fette.de\/index.php\/antifouling-anstrich\/","name":"Antifouling Anstrich - Bootsservice Center Fette","isPartOf":{"@id":"https:\/\/www.bootsservice-fette.de\/#website"},"datePublished":"2023-11-23T11:21:39+00:00","dateModified":"2025-06-30T11:33:26+00:00","breadcrumb":{"@id":"https:\/\/www.bootsservice-fette.de\/index.php\/antifouling-anstrich\/#breadcrumb"},"inLanguage":"de","potentialAction":[{"@type":"ReadAction","target":["https:\/\/www.bootsservice-fette.de\/index.php\/antifouling-anstrich\/"]}]},{"@type":"BreadcrumbList","@id":"https:\/\/www.bootsservice-fette.de\/index.php\/antifouling-anstrich\/#breadcrumb","itemListElement":[{"@type":"ListItem","position":1,"name":"Startseite","item":"https:\/\/www.bootsservice-fette.de\/"},{"@type":"ListItem","position":2,"name":"Antifouling Anstrich"}]},{"@type":"WebSite","@id":"https:\/\/www.bootsservice-fette.de\/#website","url":"https:\/\/www.bootsservice-fette.de\/","name":"Bootsservice Center Fette","description":"","potentialAction":[{"@type":"SearchAction","target":{"@type":"EntryPoint","urlTemplate":"https:\/\/www.bootsservice-fette.de\/?s={search_term_string}"},"query-input":{"@type":"PropertyValueSpecification","valueRequired":true,"valueName":"search_term_string"}}],"inLanguage":"de"}]}},"_links":{"self":[{"href":"https:\/\/www.bootsservice-fette.de\/index.php\/wp-json\/wp\/v2\/pages\/579","targetHints":{"allow":["GET"]}}],"collection":[{"href":"https:\/\/www.bootsservice-fette.de\/index.php\/wp-json\/wp\/v2\/pages"}],"about":[{"href":"https:\/\/www.bootsservice-fette.de\/index.php\/wp-json\/wp\/v2\/types\/page"}],"author":[{"embeddable":true,"href":"https:\/\/www.bootsservice-fette.de\/index.php\/wp-json\/wp\/v2\/users\/2"}],"replies":[{"embeddable":true,"href":"https:\/\/www.bootsservice-fette.de\/index.php\/wp-json\/wp\/v2\/comments?post=579"}],"version-history":[{"count":5,"href":"https:\/\/www.bootsservice-fette.de\/index.php\/wp-json\/wp\/v2\/pages\/579\/revisions"}],"predecessor-version":[{"id":643,"href":"https:\/\/www.bootsservice-fette.de\/index.php\/wp-json\/wp\/v2\/pages\/579\/revisions\/643"}],"wp:attachment":[{"href":"https:\/\/www.bootsservice-fette.de\/index.php\/wp-json\/wp\/v2\/media?parent=579"}],"curies":[{"name":"wp","href":"https:\/\/api.w.org\/{rel}","templated":true}]}}