{"id":8,"date":"2017-03-24T13:30:58","date_gmt":"2017-03-24T12:30:58","guid":{"rendered":"http:\/\/bs.bootsservice-fette.de\/index.php\/wishlist\/"},"modified":"2025-06-30T13:20:59","modified_gmt":"2025-06-30T11:20:59","slug":"home","status":"publish","type":"page","link":"https:\/\/www.bootsservice-fette.de\/","title":{"rendered":"Home"},"content":{"rendered":"<div class=\"wpb-content-wrapper\"><p>[vc_row][vc_column][rev_slider_vc alias=&#8221;main_slider&#8221;][\/vc_column][\/vc_row][vc_row css=&#8221;.vc_custom_1490532590219{margin-top: -30px !important;}&#8221;][vc_column width=&#8221;1\/4&#8243;]<div class=\" fl-services-vc services-style-two\" ><img decoding=\"async\" src=\"https:\/\/www.bootsservice-fette.de\/wp-content\/uploads\/2017\/03\/Bootmotoren.jpg\"\/><div class=\"icon-box-wrap \"><div class=\"icon-box-title fl-text-medium-style\">ERSATZTEILE ERSATZTEILE<\/div><div class=\"icon-box-text-content\">Wir liefern Ersatzteile f\u00fcr alle f\u00fchrenden Bootsmotoren sowie Zubeh\u00f6rartikel.<\/div><a class=\"icon-box-btn\"  href=\"https:\/\/www.bootsservice-fette.de\/index.php\/ersatzteile\/\" title=\"Ersatzteile\"><i class=\"fl-custom-icon-right\"><\/i><\/a><\/div><\/div>[\/vc_column][vc_column width=&#8221;1\/4&#8243;]<div class=\" fl-services-vc services-style-two\" ><img decoding=\"async\" src=\"https:\/\/www.bootsservice-fette.de\/wp-content\/uploads\/2017\/03\/100_0612.jpg\"\/><div class=\"icon-box-wrap \"><div class=\"icon-box-title fl-text-medium-style\">REPARATUR<\/div><div class=\"icon-box-text-content\">Wartung, Einwinterung sowie Inbetriebnahme im Fr\u00fchjahr.<\/div><a class=\"icon-box-btn\"  href=\"https:\/\/www.bootsservice-fette.de\/index.php\/reparatur\/\" title=\"Reparatur\"><i class=\"fl-custom-icon-right\"><\/i><\/a><\/div><\/div>[\/vc_column][vc_column width=&#8221;1\/4&#8243;]<div class=\" fl-services-vc services-style-two\" ><img decoding=\"async\" src=\"https:\/\/www.bootsservice-fette.de\/wp-content\/uploads\/2017\/03\/Bootsinspektion.jpg\"\/><div class=\"icon-box-wrap \"><div class=\"icon-box-title fl-text-medium-style\">INSPEKTION<\/div><div class=\"icon-box-text-content\">Wir warten und reparieren alle herk\u00f6mmlichen Bootsmotoren.<\/div><a class=\"icon-box-btn\"  href=\"https:\/\/www.bootsservice-fette.de\/index.php\/inspektion\/\" title=\"Inspektion\"><i class=\"fl-custom-icon-right\"><\/i><\/a><\/div><\/div>[\/vc_column][vc_column width=&#8221;1\/4&#8243;]<div class=\" fl-services-vc services-style-two\" ><img decoding=\"async\" src=\"https:\/\/www.bootsservice-fette.de\/wp-content\/uploads\/2017\/03\/101_0506-e1490731347726.jpg\"\/><div class=\"icon-box-wrap \"><div class=\"icon-box-title fl-text-medium-style\">Winterlager \u2013 Service<\/div><div class=\"icon-box-text-content\">Winterlagerplatz in der Halle oder auf dem Freigel\u00e4nde.<\/div><a class=\"icon-box-btn\"  href=\"https:\/\/www.bootsservice-fette.de\/index.php\/winterlager-service\/\" title=\"Winterlager \u2013 Service\"><i class=\"fl-custom-icon-right\"><\/i><\/a><\/div><\/div>[\/vc_column][\/vc_row][vc_row][vc_column][vc_single_image image=&#8221;553&#8243; onclick=&#8221;custom_link&#8221; img_link_target=&#8221;_blank&#8221; link=&#8221;https:\/\/www.bootsservice-fette.de\/wp-content\/uploads\/2021\/03\/Mastervolt-Batterie-Aktion-bis-11.04.2021.pdf&#8221;][\/vc_column][\/vc_row][vc_row full_width=&#8221;stretch_row&#8221; css=&#8221;.vc_custom_1751279836660{margin-right: 20px !important;margin-left: 20px !important;padding-top: 0px !important;padding-bottom: 1px !important;background-color: #2e3760 !important;}&#8221;][vc_column width=&#8221;1\/2&#8243;][vc_empty_space height=&#8221;22px&#8221;]<div class=\"fl_custom_text__block fl-custom-text-69e575e51f889-8079\" ><p><span style=\"color: #eeeeee;\">\u00dcber uns<\/span><\/p>\n<h2><span style=\"color: #eeeeee;\">DER ERFAHRENE PARTNER AN IHRER SEITE!<\/span><\/h2>\n<p><span style=\"color: #eeeeee;\">Wir stehen f\u00fcr,<\/span><\/p>\n<ul style=\"color: #eeeeee;\">\n<li><span style=\"color: #eeeeee;\">Excellenten Service<\/span><\/li>\n<li><span style=\"color: #eeeeee;\">Qualit\u00e4tsbewusstsein<\/span><\/li>\n<li><span style=\"color: #eeeeee;\">Experte auf unserem Gebiet<\/span><\/li>\n<li><span style=\"color: #eeeeee;\">Kundenzufriendenheit<\/span><\/li>\n<\/ul>\n<\/div>[vc_empty_space height=&#8221;22px&#8221;][\/vc_column][vc_column width=&#8221;1\/2&#8243;][vc_empty_space height=&#8221;52px&#8221;]<div class=\"fl_custom_text__block fl-custom-text-69e575e51f91b-5470\" >\n<div class=\"brlbs-cmpnt-container brlbs-cmpnt-content-blocker brlbs-cmpnt-with-individual-styles\" data-borlabs-cookie-content-blocker-id=\"default\" data-borlabs-cookie-content=\"PGlmcmFtZSBzcmM9Imh0dHBzOi8vd3d3LnlvdXR1YmUtbm9jb29raWUuY29tL2VtYmVkL0RDaUE0ZS1OZHZZIiB3aWR0aD0iNjAwIiBoZWlnaHQ9IjQwMCIgZnJhbWVib3JkZXI9IjAiIGFsbG93ZnVsbHNjcmVlbj0iYWxsb3dmdWxsc2NyZWVuIj48L2lmcmFtZT4=\">\n<div class=\"brlbs-cmpnt-cb-preset-a\">\n<p class=\"brlbs-cmpnt-cb-description\">Sie sehen gerade einen Platzhalterinhalt von <strong>Standard<\/strong>. Um auf den eigentlichen Inhalt zuzugreifen, klicken Sie auf den Button unten. Bitte beachten Sie, dass dabei Daten an Drittanbieter weitergegeben werden.<\/p>\n<div class=\"brlbs-cmpnt-cb-buttons\"> <a class=\"brlbs-cmpnt-cb-btn\" href=\"#\" data-borlabs-cookie-unblock role=\"button\">Inhalt entsperren<\/a> <a class=\"brlbs-cmpnt-cb-btn\" href=\"#\" data-borlabs-cookie-accept-service role=\"button\" style=\"display: none\">Erforderlichen Service akzeptieren und Inhalte entsperren<\/a> <\/div>\n<p> <a class=\"brlbs-cmpnt-cb-provider-toggle\" href=\"#\" data-borlabs-cookie-show-provider-information role=\"button\">Weitere Informationen<\/a> <\/div>\n<\/div>\n<\/div>[\/vc_column][\/vc_row][vc_row][vc_column]<div class=\"fl-vc-custom-title-container with-icon text-center\" ><h2 class=\"fl-title-vc with-icon\" ><span class=\"fl-title-icon-contain\"><span><i class=\"fa fa-wrench\"><\/i><\/span><\/span>\n\n<h3 class=\"light-font\">HERSTELLER<\/h3>\n\n<\/h2><\/div>[\/vc_column][\/vc_row][vc_row][vc_column width=&#8221;1\/3&#8243; css=&#8221;.vc_custom_1751281197525{padding-top: 35px !important;padding-right: 35px !important;padding-bottom: 35px !important;padding-left: 35px !important;}&#8221;][vc_single_image image=&#8221;126&#8243;][\/vc_column][vc_column width=&#8221;1\/3&#8243; css=&#8221;.vc_custom_1751281211647{padding-top: 35px !important;padding-right: 35px !important;padding-bottom: 35px !important;padding-left: 35px !important;}&#8221;][vc_single_image image=&#8221;128&#8243;][\/vc_column][vc_column width=&#8221;1\/3&#8243; css=&#8221;.vc_custom_1751281235432{padding-top: 35px !important;padding-right: 35px !important;padding-bottom: 35px !important;padding-left: 35px !important;}&#8221;][vc_single_image image=&#8221;129&#8243;][\/vc_column][\/vc_row][vc_row][vc_column width=&#8221;1\/3&#8243; css=&#8221;.vc_custom_1751281244991{padding-top: 35px !important;padding-right: 35px !important;padding-bottom: 35px !important;padding-left: 35px !important;}&#8221;][vc_single_image image=&#8221;130&#8243;][\/vc_column][vc_column width=&#8221;1\/3&#8243; css=&#8221;.vc_custom_1751281254183{padding-top: 35px !important;padding-right: 35px !important;padding-bottom: 35px !important;padding-left: 35px !important;}&#8221;][vc_single_image image=&#8221;131&#8243;][\/vc_column][vc_column width=&#8221;1\/3&#8243; css=&#8221;.vc_custom_1751281264275{padding-top: 35px !important;padding-right: 35px !important;padding-bottom: 35px !important;padding-left: 35px !important;}&#8221;][vc_single_image image=&#8221;132&#8243;][\/vc_column][\/vc_row][vc_row][vc_column width=&#8221;1\/3&#8243; css=&#8221;.vc_custom_1751281275395{padding-top: 35px !important;padding-right: 35px !important;padding-bottom: 35px !important;padding-left: 35px !important;}&#8221;][vc_single_image image=&#8221;135&#8243; onclick=&#8221;custom_link&#8221; link=&#8221;https:\/\/bootsservicecenter-fette.vp-infopool.de\/&#8221;][\/vc_column][vc_column width=&#8221;1\/3&#8243; css=&#8221;.vc_custom_1751281289781{padding-top: 35px !important;padding-right: 35px !important;padding-bottom: 35px !important;padding-left: 35px !important;}&#8221;][vc_single_image image=&#8221;134&#8243;][\/vc_column][vc_column width=&#8221;1\/3&#8243; css=&#8221;.vc_custom_1751281307557{padding-top: 35px !important;padding-right: 35px !important;padding-bottom: 35px !important;padding-left: 35px !important;}&#8221;][vc_single_image image=&#8221;133&#8243;][\/vc_column][\/vc_row][vc_row][vc_column][vc_separator css=&#8221;&#8221;]<div class=\"fl-vc-custom-title-container with-icon text-center\" ><h2 class=\"fl-title-vc with-icon\" ><span class=\"fl-title-icon-contain\"><span><i class=\"fa fa-wrench\"><\/i><\/span><\/span>\n\n<h3 class=\"light-font\">UNSERE PARTNER<\/h3>\n\n<\/h2><\/div>[\/vc_column][\/vc_row][vc_row ptextcolor=&#8221;White&#8221;][vc_column width=&#8221;1\/3&#8243; css=&#8221;.vc_custom_1751281540270{margin-right: 5px !important;padding-top: 35px !important;padding-right: 35px !important;padding-bottom: 35px !important;padding-left: 35px !important;}&#8221;][vc_single_image image=&#8221;582&#8243; alignment=&#8221;center&#8221; onclick=&#8221;custom_link&#8221; img_link_target=&#8221;_blank&#8221; link=&#8221;https:\/\/www.camp-feuerland.de\/&#8221;][\/vc_column][vc_column width=&#8221;1\/3&#8243; css=&#8221;.vc_custom_1751281548982{margin-left: 5px !important;border-right-width: 5px !important;padding-top: 35px !important;padding-right: 35px !important;padding-bottom: 35px !important;padding-left: 35px !important;}&#8221;][vc_single_image image=&#8221;583&#8243; alignment=&#8221;center&#8221; onclick=&#8221;custom_link&#8221; img_link_target=&#8221;_blank&#8221; link=&#8221;http:\/\/bootsfahrschule-owl.de\/&#8221;][\/vc_column][vc_column width=&#8221;1\/3&#8243; css=&#8221;.vc_custom_1751281564154{margin-left: 5px !important;padding-top: 35px !important;padding-right: 35px !important;padding-bottom: 35px !important;padding-left: 35px !important;}&#8221;][vc_single_image image=&#8221;584&#8243; alignment=&#8221;center&#8221; onclick=&#8221;custom_link&#8221; img_link_target=&#8221;_blank&#8221; link=&#8221;http:\/\/www.motoryachtclub-rinteln.de\/&#8221;][\/vc_column][\/vc_row][vc_row][vc_column][vc_separator css=&#8221;&#8221;]<div class=\"fl-vc-custom-title-container with-icon text-center\" ><h2 class=\"fl-title-vc with-icon\" ><span class=\"fl-title-icon-contain\"><span><i class=\"fa fa-wrench\"><\/i><\/span><\/span>\n\n<h3 class=\"light-font\">KONTAKTIEREN SIE UNS JETZT<\/h3>\n\n<\/h2><\/div>[\/vc_column][\/vc_row][vc_row][vc_column width=&#8221;1\/2&#8243;]<div class=\"fl_custom_text__block fl-custom-text-69e575e51faaf-9926\" ><p data-start=\"28\" data-end=\"249\">Haben Sie Fragen zu unseren Produkten oder m\u00f6chten eine Bestellung aufgeben? Unser Team hilft Ihnen gerne weiter! Ob per E-Mail oder Telefon \u2013 wir stehen Ihnen mit kompetenter Beratung und schnellen Antworten zur Seite.<\/p>\n<p data-start=\"251\" data-end=\"322\"><strong data-start=\"254\" data-end=\"265\">E-Mail:<\/strong> <a href=\"mailto:mail@bootsservice-fette.de\">mail@bootsservice-fette.de<\/a><br data-start=\"281\" data-end=\"284\"><strong data-start=\"287\" data-end=\"299\">Telefon:<\/strong> <a href=\"tel:+4957313100\">(05731) 3100<\/a><\/p>\n<p data-start=\"324\" data-end=\"398\" data-is-last-node=\"\" data-is-only-node=\"\">Z\u00f6gern Sie nicht, uns zu kontaktieren \u2013 wir freuen uns auf Ihre Nachricht!<\/p>\n<\/div>[\/vc_column][vc_column width=&#8221;1\/2&#8243;]<div class=\"fl-team-vc cf\" ><div class=\"team-image\"><img decoding=\"async\" src=\"https:\/\/www.bootsservice-fette.de\/wp-content\/uploads\/2017\/03\/kontakt.jpg\" alt=\" \"\/><\/div><div class=\"entry-content\"><\/div><\/div>[\/vc_column][\/vc_row]<\/p>\n<\/div>","protected":false},"excerpt":{"rendered":"<p>[vc_row][vc_column][rev_slider_vc alias=&#8221;main_slider&#8221;][\/vc_column][\/vc_row][vc_row css=&#8221;.vc_custom_1490532590219{margin-top: -30px !important;}&#8221;][vc_column width=&#8221;1\/4&#8243;][\/vc_column][vc_column width=&#8221;1\/4&#8243;][\/vc_column][vc_column width=&#8221;1\/4&#8243;][\/vc_column][vc_column width=&#8221;1\/4&#8243;][\/vc_column][\/vc_row][vc_row][vc_column][vc_single_image image=&#8221;553&#8243; onclick=&#8221;custom_link&#8221; img_link_target=&#8221;_blank&#8221; link=&#8221;https:\/\/www.bootsservice-fette.de\/wp-content\/uploads\/2021\/03\/Mastervolt-Batterie-Aktion-bis-11.04.2021.pdf&#8221;][\/vc_column][\/vc_row][vc_row full_width=&#8221;stretch_row&#8221; css=&#8221;.vc_custom_1751279836660{margin-right: 20px !important;margin-left: 20px !important;padding-top: 0px !important;padding-bottom: 1px !important;background-color: #2e3760 !important;}&#8221;][vc_column width=&#8221;1\/2&#8243;][vc_empty_space height=&#8221;22px&#8221;][vc_empty_space height=&#8221;22px&#8221;][\/vc_column][vc_column width=&#8221;1\/2&#8243;][vc_empty_space height=&#8221;52px&#8221;][\/vc_column][\/vc_row][vc_row][vc_column][\/vc_column][\/vc_row][vc_row][vc_column width=&#8221;1\/3&#8243; css=&#8221;.vc_custom_1751281197525{padding-top: 35px !important;padding-right: 35px !important;padding-bottom: 35px !important;padding-left: 35px !important;}&#8221;][vc_single_image image=&#8221;126&#8243;][\/vc_column][vc_column width=&#8221;1\/3&#8243; css=&#8221;.vc_custom_1751281211647{padding-top: 35px !important;padding-right: 35px !important;padding-bottom: 35px !important;padding-left: 35px !important;}&#8221;][vc_single_image image=&#8221;128&#8243;][\/vc_column][vc_column width=&#8221;1\/3&#8243; css=&#8221;.vc_custom_1751281235432{padding-top: 35px [&hellip;]<\/p>\n","protected":false},"author":2,"featured_media":0,"parent":0,"menu_order":0,"comment_status":"closed","ping_status":"closed","template":"fullwidth.php","meta":{"_acf_changed":false,"footnotes":""},"class_list":["post-8","page","type-page","status-publish","hentry"],"acf":[],"yoast_head":"<!-- This site is optimized with the Yoast SEO plugin v25.3.1 - https:\/\/yoast.com\/wordpress\/plugins\/seo\/ -->\n<title>Home - Bootsservice Center Fette<\/title>\n<meta name=\"robots\" content=\"index, follow, max-snippet:-1, max-image-preview:large, max-video-preview:-1\" \/>\n<link rel=\"canonical\" href=\"https:\/\/www.bootsservice-fette.de\/\" \/>\n<meta property=\"og:locale\" content=\"de_DE\" \/>\n<meta property=\"og:type\" content=\"article\" \/>\n<meta property=\"og:title\" content=\"Home - Bootsservice Center Fette\" \/>\n<meta property=\"og:description\" content=\"[vc_row][vc_column][rev_slider_vc alias=&#8221;main_slider&#8221;][\/vc_column][\/vc_row][vc_row css=&#8221;.vc_custom_1490532590219{margin-top: -30px !important;}&#8221;][vc_column width=&#8221;1\/4&#8243;][\/vc_column][vc_column width=&#8221;1\/4&#8243;][\/vc_column][vc_column width=&#8221;1\/4&#8243;][\/vc_column][vc_column width=&#8221;1\/4&#8243;][\/vc_column][\/vc_row][vc_row][vc_column][vc_single_image image=&#8221;553&#8243; onclick=&#8221;custom_link&#8221; img_link_target=&#8221;_blank&#8221; link=&#8221;https:\/\/www.bootsservice-fette.de\/wp-content\/uploads\/2021\/03\/Mastervolt-Batterie-Aktion-bis-11.04.2021.pdf&#8221;][\/vc_column][\/vc_row][vc_row full_width=&#8221;stretch_row&#8221; css=&#8221;.vc_custom_1751279836660{margin-right: 20px !important;margin-left: 20px !important;padding-top: 0px !important;padding-bottom: 1px !important;background-color: #2e3760 !important;}&#8221;][vc_column width=&#8221;1\/2&#8243;][vc_empty_space height=&#8221;22px&#8221;][vc_empty_space height=&#8221;22px&#8221;][\/vc_column][vc_column width=&#8221;1\/2&#8243;][vc_empty_space height=&#8221;52px&#8221;][\/vc_column][\/vc_row][vc_row][vc_column][\/vc_column][\/vc_row][vc_row][vc_column width=&#8221;1\/3&#8243; css=&#8221;.vc_custom_1751281197525{padding-top: 35px !important;padding-right: 35px !important;padding-bottom: 35px !important;padding-left: 35px !important;}&#8221;][vc_single_image image=&#8221;126&#8243;][\/vc_column][vc_column width=&#8221;1\/3&#8243; css=&#8221;.vc_custom_1751281211647{padding-top: 35px !important;padding-right: 35px !important;padding-bottom: 35px !important;padding-left: 35px !important;}&#8221;][vc_single_image image=&#8221;128&#8243;][\/vc_column][vc_column width=&#8221;1\/3&#8243; css=&#8221;.vc_custom_1751281235432{padding-top: 35px [&hellip;]\" \/>\n<meta property=\"og:url\" content=\"https:\/\/www.bootsservice-fette.de\/\" \/>\n<meta property=\"og:site_name\" content=\"Bootsservice Center Fette\" \/>\n<meta property=\"article:modified_time\" content=\"2025-06-30T11:20:59+00:00\" \/>\n<meta name=\"twitter:card\" content=\"summary_large_image\" \/>\n<meta name=\"twitter:label1\" content=\"Gesch\u00e4tzte Lesezeit\" \/>\n\t<meta name=\"twitter:data1\" content=\"2\u00a0Minuten\" \/>\n<script type=\"application\/ld+json\" class=\"yoast-schema-graph\">{\"@context\":\"https:\/\/schema.org\",\"@graph\":[{\"@type\":\"WebPage\",\"@id\":\"https:\/\/www.bootsservice-fette.de\/\",\"url\":\"https:\/\/www.bootsservice-fette.de\/\",\"name\":\"Home - Bootsservice Center Fette\",\"isPartOf\":{\"@id\":\"https:\/\/www.bootsservice-fette.de\/#website\"},\"datePublished\":\"2017-03-24T12:30:58+00:00\",\"dateModified\":\"2025-06-30T11:20:59+00:00\",\"breadcrumb\":{\"@id\":\"https:\/\/www.bootsservice-fette.de\/#breadcrumb\"},\"inLanguage\":\"de\",\"potentialAction\":[{\"@type\":\"ReadAction\",\"target\":[\"https:\/\/www.bootsservice-fette.de\/\"]}]},{\"@type\":\"BreadcrumbList\",\"@id\":\"https:\/\/www.bootsservice-fette.de\/#breadcrumb\",\"itemListElement\":[{\"@type\":\"ListItem\",\"position\":1,\"name\":\"Startseite\",\"item\":\"https:\/\/www.bootsservice-fette.de\/\"},{\"@type\":\"ListItem\",\"position\":2,\"name\":\"Home\"}]},{\"@type\":\"WebSite\",\"@id\":\"https:\/\/www.bootsservice-fette.de\/#website\",\"url\":\"https:\/\/www.bootsservice-fette.de\/\",\"name\":\"Bootsservice Center Fette\",\"description\":\"\",\"potentialAction\":[{\"@type\":\"SearchAction\",\"target\":{\"@type\":\"EntryPoint\",\"urlTemplate\":\"https:\/\/www.bootsservice-fette.de\/?s={search_term_string}\"},\"query-input\":{\"@type\":\"PropertyValueSpecification\",\"valueRequired\":true,\"valueName\":\"search_term_string\"}}],\"inLanguage\":\"de\"}]}<\/script>\n<!-- \/ Yoast SEO plugin. -->","yoast_head_json":{"title":"Home - Bootsservice Center Fette","robots":{"index":"index","follow":"follow","max-snippet":"max-snippet:-1","max-image-preview":"max-image-preview:large","max-video-preview":"max-video-preview:-1"},"canonical":"https:\/\/www.bootsservice-fette.de\/","og_locale":"de_DE","og_type":"article","og_title":"Home - Bootsservice Center Fette","og_description":"[vc_row][vc_column][rev_slider_vc alias=&#8221;main_slider&#8221;][\/vc_column][\/vc_row][vc_row css=&#8221;.vc_custom_1490532590219{margin-top: -30px !important;}&#8221;][vc_column width=&#8221;1\/4&#8243;][\/vc_column][vc_column width=&#8221;1\/4&#8243;][\/vc_column][vc_column width=&#8221;1\/4&#8243;][\/vc_column][vc_column width=&#8221;1\/4&#8243;][\/vc_column][\/vc_row][vc_row][vc_column][vc_single_image image=&#8221;553&#8243; onclick=&#8221;custom_link&#8221; img_link_target=&#8221;_blank&#8221; link=&#8221;https:\/\/www.bootsservice-fette.de\/wp-content\/uploads\/2021\/03\/Mastervolt-Batterie-Aktion-bis-11.04.2021.pdf&#8221;][\/vc_column][\/vc_row][vc_row full_width=&#8221;stretch_row&#8221; css=&#8221;.vc_custom_1751279836660{margin-right: 20px !important;margin-left: 20px !important;padding-top: 0px !important;padding-bottom: 1px !important;background-color: #2e3760 !important;}&#8221;][vc_column width=&#8221;1\/2&#8243;][vc_empty_space height=&#8221;22px&#8221;][vc_empty_space height=&#8221;22px&#8221;][\/vc_column][vc_column width=&#8221;1\/2&#8243;][vc_empty_space height=&#8221;52px&#8221;][\/vc_column][\/vc_row][vc_row][vc_column][\/vc_column][\/vc_row][vc_row][vc_column width=&#8221;1\/3&#8243; css=&#8221;.vc_custom_1751281197525{padding-top: 35px !important;padding-right: 35px !important;padding-bottom: 35px !important;padding-left: 35px !important;}&#8221;][vc_single_image image=&#8221;126&#8243;][\/vc_column][vc_column width=&#8221;1\/3&#8243; css=&#8221;.vc_custom_1751281211647{padding-top: 35px !important;padding-right: 35px !important;padding-bottom: 35px !important;padding-left: 35px !important;}&#8221;][vc_single_image image=&#8221;128&#8243;][\/vc_column][vc_column width=&#8221;1\/3&#8243; css=&#8221;.vc_custom_1751281235432{padding-top: 35px [&hellip;]","og_url":"https:\/\/www.bootsservice-fette.de\/","og_site_name":"Bootsservice Center Fette","article_modified_time":"2025-06-30T11:20:59+00:00","twitter_card":"summary_large_image","twitter_misc":{"Gesch\u00e4tzte Lesezeit":"2\u00a0Minuten"},"schema":{"@context":"https:\/\/schema.org","@graph":[{"@type":"WebPage","@id":"https:\/\/www.bootsservice-fette.de\/","url":"https:\/\/www.bootsservice-fette.de\/","name":"Home - Bootsservice Center Fette","isPartOf":{"@id":"https:\/\/www.bootsservice-fette.de\/#website"},"datePublished":"2017-03-24T12:30:58+00:00","dateModified":"2025-06-30T11:20:59+00:00","breadcrumb":{"@id":"https:\/\/www.bootsservice-fette.de\/#breadcrumb"},"inLanguage":"de","potentialAction":[{"@type":"ReadAction","target":["https:\/\/www.bootsservice-fette.de\/"]}]},{"@type":"BreadcrumbList","@id":"https:\/\/www.bootsservice-fette.de\/#breadcrumb","itemListElement":[{"@type":"ListItem","position":1,"name":"Startseite","item":"https:\/\/www.bootsservice-fette.de\/"},{"@type":"ListItem","position":2,"name":"Home"}]},{"@type":"WebSite","@id":"https:\/\/www.bootsservice-fette.de\/#website","url":"https:\/\/www.bootsservice-fette.de\/","name":"Bootsservice Center Fette","description":"","potentialAction":[{"@type":"SearchAction","target":{"@type":"EntryPoint","urlTemplate":"https:\/\/www.bootsservice-fette.de\/?s={search_term_string}"},"query-input":{"@type":"PropertyValueSpecification","valueRequired":true,"valueName":"search_term_string"}}],"inLanguage":"de"}]}},"_links":{"self":[{"href":"https:\/\/www.bootsservice-fette.de\/index.php\/wp-json\/wp\/v2\/pages\/8","targetHints":{"allow":["GET"]}}],"collection":[{"href":"https:\/\/www.bootsservice-fette.de\/index.php\/wp-json\/wp\/v2\/pages"}],"about":[{"href":"https:\/\/www.bootsservice-fette.de\/index.php\/wp-json\/wp\/v2\/types\/page"}],"author":[{"embeddable":true,"href":"https:\/\/www.bootsservice-fette.de\/index.php\/wp-json\/wp\/v2\/users\/2"}],"replies":[{"embeddable":true,"href":"https:\/\/www.bootsservice-fette.de\/index.php\/wp-json\/wp\/v2\/comments?post=8"}],"version-history":[{"count":181,"href":"https:\/\/www.bootsservice-fette.de\/index.php\/wp-json\/wp\/v2\/pages\/8\/revisions"}],"predecessor-version":[{"id":636,"href":"https:\/\/www.bootsservice-fette.de\/index.php\/wp-json\/wp\/v2\/pages\/8\/revisions\/636"}],"wp:attachment":[{"href":"https:\/\/www.bootsservice-fette.de\/index.php\/wp-json\/wp\/v2\/media?parent=8"}],"curies":[{"name":"wp","href":"https:\/\/api.w.org\/{rel}","templated":true}]}}